{"id":4417,"date":"2018-01-17T18:27:20","date_gmt":"2018-01-17T16:27:20","guid":{"rendered":"https:\/\/www.zdravoogrevanje.si\/izdelek\/infracrveni-paneli-ekowerm-750w\/"},"modified":"2021-03-04T18:37:32","modified_gmt":"2021-03-04T16:37:32","slug":"infracrveni-paneli-ekowerm-750w","status":"publish","type":"product","link":"https:\/\/www.zdravoogrevanje.si\/hr\/izdelek\/infracrveni-paneli-ekowerm-750w\/","title":{"rendered":"Infracrveni paneli EKOWERM 750W"},"content":{"rendered":"<p>Serija IC panela Ekowerm najbolja je IC plo\u010da bez okvira i u potpunosti je izra\u0111ena u EU. Nudi 15-godi\u0161nje jamstvo i 30 godina radnog vijeka. Serija plo\u010da Ekowerm izra\u0111ena je od glatke metalne povr\u0161ine obojene glatkim pijeskom. Prema standardu, maksimalna mogu\u0107a temperatura postignuta prednjim dijelom je 105 \u00b0 C. Inovativni grija\u0107i element mo\u017ee dose\u0107i visoke temperature s vrlo malom potro\u0161njom energije. Na\u0161i posebni materijali osiguravaju ravnomjernu raspodjelu temperature.<\/p>\n<p>Odlikuje ga jo\u0161 jedna iznimna zna\u010dajka, a to je postupno smanjivanje elektri\u010dne energije s porastom temperature povr\u0161ine grijanja. Panel ima stra\u017enju izolaciju od 10 mm, \u0161to zna\u010di da dodatni izolacijski premaz smanjuje gubitke i do 65%. To je definitivno izbor za ljude koji vole iznimnu kvalitetu i trajnost.<\/p>\n<p style=\"text-align: left;\"><span style=\"font-size: 140%;\">POVOLJNO I ZDRAVO GRIJANJE NAJNAPREDNIJIM IC PLO\u010cAMA<\/span><\/p>\n<p>Najnapredniji i stilski dovr\u0161eni EKOWERM IC paneli s glatkom, bijelom metalnom povr\u0161inom premazanom prahom koji se mogu postaviti na zid ili strop u bilo kojoj sobi gdje \u0107e biti potpuno nevidljivi.<\/p>\n<p style=\"text-align: left;\"><span style=\"font-size: 140%;\">IZVANREDNA U\u010cINKOVITOST<\/span><\/p>\n<p>Va\u017ena prednost proizvoda iz serije EKOWERM, koji se mogu pohvaliti iznimnom u\u010dinkovito\u0161\u0107u, tako\u0111er je ni\u017ea temperatura stra\u017enje strane plo\u010de. Izolacijski premaz debljine 10 mm na stra\u017enjoj strani ove infracrvene grija\u0107e plo\u010de osigurava najmanji mogu\u0107i gubitak topline i ravnomjerno raspore\u0111eno stvaranje topline po povr\u0161ini grijanja. Ovaj izolacijski premaz smanjuje temperaturu stra\u017enje strane do 70%.<\/p>\n","protected":false},"excerpt":{"rendered":"<p><span style=\"font-size: 100%;\">EKOWERM IC paneli najbolji su izbor za zahtjevne kupce koji cijene KVALITETU, ESTETIKU I TRAJNOST. EKOWERM IC plo\u010da s inovativnim grija\u0107im elementom u cijelosti je izra\u0111ena u EU-u i nudi 15-godi\u0161nje jamstvo i 30 godina radnog vijeka. EKOWERM IC plo\u010da je NAJNAPREDNIJI i stilski dora\u0111en okvir bez okvira s bijelim metalom presvu\u010denim prahom koji se mo\u017ee postaviti na zid ili strop u bilo kojoj sobi gdje \u0107e biti potpuno nevidljiv.<\/span><\/p>\n<p><img decoding=\"async\" loading=\"lazy\" class=\"wp-image-5057 alignleft\" src=\"https:\/\/www.zdravoogrevanje.si\/wp-content\/uploads\/2020\/04\/icons8-facebook-like-5.png\" alt=\"\" width=\"20\" height=\"20\" \/>15 godina garancije<\/p>\n<p><img decoding=\"async\" loading=\"lazy\" class=\"wp-image-5057 alignleft\" src=\"https:\/\/www.zdravoogrevanje.si\/wp-content\/uploads\/2020\/04\/icons8-facebook-like-5.png\" alt=\"\" width=\"20\" height=\"20\" \/>100% proizvedeno u EU<\/p>\n<p><img decoding=\"async\" loading=\"lazy\" class=\"wp-image-5057 alignleft\" src=\"https:\/\/www.zdravoogrevanje.si\/wp-content\/uploads\/2020\/04\/icons8-facebook-like-5.png\" alt=\"\" width=\"20\" height=\"20\" \/>Do 60% ni\u017ei tro\u0161kovi grijanja<\/p>\n<p><img decoding=\"async\" loading=\"lazy\" class=\"wp-image-5057 alignleft\" src=\"https:\/\/www.zdravoogrevanje.si\/wp-content\/uploads\/2020\/04\/icons8-facebook-like-5.png\" alt=\"\" width=\"20\" height=\"20\" \/>Prednja strana bijelog metala presvu\u010denog prahom<\/p>\n<p><img decoding=\"async\" loading=\"lazy\" class=\"wp-image-5057 alignleft\" src=\"https:\/\/www.zdravoogrevanje.si\/wp-content\/uploads\/2020\/04\/icons8-facebook-like-5.png\" alt=\"\" width=\"20\" height=\"20\" \/>Termoizolacijski premaz smanjuje temperaturu stra\u017enje strane do 70%<\/p>\n<p><img decoding=\"async\" loading=\"lazy\" class=\"wp-image-5057 alignleft\" src=\"https:\/\/www.zdravoogrevanje.si\/wp-content\/uploads\/2020\/04\/icons8-facebook-like-5.png\" alt=\"\" width=\"20\" height=\"20\" \/>\u017divotni vijek 30 i vi\u0161e godina<\/p>\n<p><img decoding=\"async\" loading=\"lazy\" class=\"wp-image-5057 alignleft\" src=\"https:\/\/www.zdravoogrevanje.si\/wp-content\/uploads\/2020\/04\/icons8-facebook-like-5.png\" alt=\"\" width=\"20\" height=\"20\" \/>Koristite za sve vrste soba<\/p>\n<p><img decoding=\"async\" loading=\"lazy\" class=\"wp-image-5057 alignleft\" src=\"https:\/\/www.zdravoogrevanje.si\/wp-content\/uploads\/2020\/04\/icons8-facebook-like-5.png\" alt=\"\" width=\"20\" height=\"20\" \/>Mogu\u0107nost slikanja<\/p>\n","protected":false},"featured_media":9827,"comment_status":"open","ping_status":"closed","template":"","meta":[],"product_cat":[101,100],"product_tag":[],"yoast_head":"<!-- This site is optimized with the Yoast SEO plugin v20.2 - https:\/\/yoast.com\/wordpress\/plugins\/seo\/ -->\n<title>IR PANELI EKOWERM - 100% IZDELAN V EU, 10 let garancije<\/title>\n<meta name=\"description\" content=\"EKOWERM IR paneli najbolji su izbor za zahtjevne kupce koji cijene KVALITETU, ESTETIKU I TRAJNOST.\" \/>\n<meta name=\"robots\" content=\"index, follow, max-snippet:-1, max-image-preview:large, max-video-preview:-1\" \/>\n<link rel=\"canonical\" href=\"https:\/\/www.zdravoogrevanje.si\/hr\/izdelek\/infracrveni-paneli-ekowerm-750w\/\" \/>\n<meta property=\"og:locale\" content=\"hr_HR\" \/>\n<meta property=\"og:type\" content=\"article\" \/>\n<meta property=\"og:title\" content=\"IR PANELI EKOWERM - 100% IZDELAN V EU, 10 let garancije\" \/>\n<meta property=\"og:description\" content=\"EKOWERM IR paneli najbolji su izbor za zahtjevne kupce koji cijene KVALITETU, ESTETIKU I TRAJNOST.\" \/>\n<meta property=\"og:url\" content=\"https:\/\/www.zdravoogrevanje.si\/hr\/izdelek\/infracrveni-paneli-ekowerm-750w\/\" \/>\n<meta property=\"og:site_name\" content=\"Zdravo ogrevanje | Gatom ogrevalni sistemi\" \/>\n<meta property=\"article:publisher\" content=\"https:\/\/www.facebook.com\/Zdravo-ogrevanje-828717990551148\/\" \/>\n<meta property=\"article:modified_time\" content=\"2021-03-04T16:37:32+00:00\" \/>\n<meta property=\"og:image\" content=\"https:\/\/www.zdravoogrevanje.si\/wp-content\/uploads\/2018\/01\/ekowerm.png\" \/>\n\t<meta property=\"og:image:width\" content=\"459\" \/>\n\t<meta property=\"og:image:height\" content=\"540\" \/>\n\t<meta property=\"og:image:type\" content=\"image\/png\" \/>\n<meta name=\"twitter:card\" content=\"summary_large_image\" \/>\n<meta name=\"twitter:label1\" content=\"Procijenjeno vrijeme \u010ditanja\" \/>\n\t<meta name=\"twitter:data1\" content=\"1 minuta\" \/>\n<script type=\"application\/ld+json\" class=\"yoast-schema-graph\">{\"@context\":\"https:\/\/schema.org\",\"@graph\":[{\"@type\":\"WebPage\",\"@id\":\"https:\/\/www.zdravoogrevanje.si\/hr\/izdelek\/infracrveni-paneli-ekowerm-750w\/\",\"url\":\"https:\/\/www.zdravoogrevanje.si\/hr\/izdelek\/infracrveni-paneli-ekowerm-750w\/\",\"name\":\"IR PANELI EKOWERM - 100% IZDELAN V EU, 10 let garancije\",\"isPartOf\":{\"@id\":\"https:\/\/www.zdravoogrevanje.si\/#website\"},\"datePublished\":\"2018-01-17T16:27:20+00:00\",\"dateModified\":\"2021-03-04T16:37:32+00:00\",\"description\":\"EKOWERM IR paneli najbolji su izbor za zahtjevne kupce koji cijene KVALITETU, ESTETIKU I TRAJNOST.\",\"breadcrumb\":{\"@id\":\"https:\/\/www.zdravoogrevanje.si\/hr\/izdelek\/infracrveni-paneli-ekowerm-750w\/#breadcrumb\"},\"inLanguage\":\"hr\",\"potentialAction\":[{\"@type\":\"ReadAction\",\"target\":[\"https:\/\/www.zdravoogrevanje.si\/hr\/izdelek\/infracrveni-paneli-ekowerm-750w\/\"]}]},{\"@type\":\"BreadcrumbList\",\"@id\":\"https:\/\/www.zdravoogrevanje.si\/hr\/izdelek\/infracrveni-paneli-ekowerm-750w\/#breadcrumb\",\"itemListElement\":[{\"@type\":\"ListItem\",\"position\":1,\"name\":\"Home\",\"item\":\"https:\/\/www.zdravoogrevanje.si\/hr\/\"},{\"@type\":\"ListItem\",\"position\":2,\"name\":\"Trgovina\",\"item\":\"https:\/\/www.zdravoogrevanje.si\/trgovina\/\"},{\"@type\":\"ListItem\",\"position\":3,\"name\":\"Infracrveni paneli EKOWERM 750W\"}]},{\"@type\":\"WebSite\",\"@id\":\"https:\/\/www.zdravoogrevanje.si\/#website\",\"url\":\"https:\/\/www.zdravoogrevanje.si\/\",\"name\":\"Zdravo ogrevanje | Gatom ogrevalni sistemi\",\"description\":\"Privar\u010dujte pri ogrevanju.\",\"publisher\":{\"@id\":\"https:\/\/www.zdravoogrevanje.si\/#organization\"},\"potentialAction\":[{\"@type\":\"SearchAction\",\"target\":{\"@type\":\"EntryPoint\",\"urlTemplate\":\"https:\/\/www.zdravoogrevanje.si\/?s={search_term_string}\"},\"query-input\":\"required name=search_term_string\"}],\"inLanguage\":\"hr\"},{\"@type\":\"Organization\",\"@id\":\"https:\/\/www.zdravoogrevanje.si\/#organization\",\"name\":\"Gatom ogrevalni sistemi\",\"url\":\"https:\/\/www.zdravoogrevanje.si\/\",\"logo\":{\"@type\":\"ImageObject\",\"inLanguage\":\"hr\",\"@id\":\"https:\/\/www.zdravoogrevanje.si\/#\/schema\/logo\/image\/\",\"url\":\"https:\/\/www.zdravoogrevanje.si\/wp-content\/uploads\/2017\/10\/logo1.png\",\"contentUrl\":\"https:\/\/www.zdravoogrevanje.si\/wp-content\/uploads\/2017\/10\/logo1.png\",\"width\":342,\"height\":100,\"caption\":\"Gatom ogrevalni sistemi\"},\"image\":{\"@id\":\"https:\/\/www.zdravoogrevanje.si\/#\/schema\/logo\/image\/\"},\"sameAs\":[\"https:\/\/www.facebook.com\/Zdravo-ogrevanje-828717990551148\/\"]}]}<\/script>\n<!-- \/ Yoast SEO plugin. -->","yoast_head_json":{"title":"IR PANELI EKOWERM - 100% IZDELAN V EU, 10 let garancije","description":"EKOWERM IR paneli najbolji su izbor za zahtjevne kupce koji cijene KVALITETU, ESTETIKU I TRAJNOST.","robots":{"index":"index","follow":"follow","max-snippet":"max-snippet:-1","max-image-preview":"max-image-preview:large","max-video-preview":"max-video-preview:-1"},"canonical":"https:\/\/www.zdravoogrevanje.si\/hr\/izdelek\/infracrveni-paneli-ekowerm-750w\/","og_locale":"hr_HR","og_type":"article","og_title":"IR PANELI EKOWERM - 100% IZDELAN V EU, 10 let garancije","og_description":"EKOWERM IR paneli najbolji su izbor za zahtjevne kupce koji cijene KVALITETU, ESTETIKU I TRAJNOST.","og_url":"https:\/\/www.zdravoogrevanje.si\/hr\/izdelek\/infracrveni-paneli-ekowerm-750w\/","og_site_name":"Zdravo ogrevanje | Gatom ogrevalni sistemi","article_publisher":"https:\/\/www.facebook.com\/Zdravo-ogrevanje-828717990551148\/","article_modified_time":"2021-03-04T16:37:32+00:00","og_image":[{"width":459,"height":540,"url":"https:\/\/www.zdravoogrevanje.si\/wp-content\/uploads\/2018\/01\/ekowerm.png","type":"image\/png"}],"twitter_card":"summary_large_image","twitter_misc":{"Procijenjeno vrijeme \u010ditanja":"1 minuta"},"schema":{"@context":"https:\/\/schema.org","@graph":[{"@type":"WebPage","@id":"https:\/\/www.zdravoogrevanje.si\/hr\/izdelek\/infracrveni-paneli-ekowerm-750w\/","url":"https:\/\/www.zdravoogrevanje.si\/hr\/izdelek\/infracrveni-paneli-ekowerm-750w\/","name":"IR PANELI EKOWERM - 100% IZDELAN V EU, 10 let garancije","isPartOf":{"@id":"https:\/\/www.zdravoogrevanje.si\/#website"},"datePublished":"2018-01-17T16:27:20+00:00","dateModified":"2021-03-04T16:37:32+00:00","description":"EKOWERM IR paneli najbolji su izbor za zahtjevne kupce koji cijene KVALITETU, ESTETIKU I TRAJNOST.","breadcrumb":{"@id":"https:\/\/www.zdravoogrevanje.si\/hr\/izdelek\/infracrveni-paneli-ekowerm-750w\/#breadcrumb"},"inLanguage":"hr","potentialAction":[{"@type":"ReadAction","target":["https:\/\/www.zdravoogrevanje.si\/hr\/izdelek\/infracrveni-paneli-ekowerm-750w\/"]}]},{"@type":"BreadcrumbList","@id":"https:\/\/www.zdravoogrevanje.si\/hr\/izdelek\/infracrveni-paneli-ekowerm-750w\/#breadcrumb","itemListElement":[{"@type":"ListItem","position":1,"name":"Home","item":"https:\/\/www.zdravoogrevanje.si\/hr\/"},{"@type":"ListItem","position":2,"name":"Trgovina","item":"https:\/\/www.zdravoogrevanje.si\/trgovina\/"},{"@type":"ListItem","position":3,"name":"Infracrveni paneli EKOWERM 750W"}]},{"@type":"WebSite","@id":"https:\/\/www.zdravoogrevanje.si\/#website","url":"https:\/\/www.zdravoogrevanje.si\/","name":"Zdravo ogrevanje | Gatom ogrevalni sistemi","description":"Privar\u010dujte pri ogrevanju.","publisher":{"@id":"https:\/\/www.zdravoogrevanje.si\/#organization"},"potentialAction":[{"@type":"SearchAction","target":{"@type":"EntryPoint","urlTemplate":"https:\/\/www.zdravoogrevanje.si\/?s={search_term_string}"},"query-input":"required name=search_term_string"}],"inLanguage":"hr"},{"@type":"Organization","@id":"https:\/\/www.zdravoogrevanje.si\/#organization","name":"Gatom ogrevalni sistemi","url":"https:\/\/www.zdravoogrevanje.si\/","logo":{"@type":"ImageObject","inLanguage":"hr","@id":"https:\/\/www.zdravoogrevanje.si\/#\/schema\/logo\/image\/","url":"https:\/\/www.zdravoogrevanje.si\/wp-content\/uploads\/2017\/10\/logo1.png","contentUrl":"https:\/\/www.zdravoogrevanje.si\/wp-content\/uploads\/2017\/10\/logo1.png","width":342,"height":100,"caption":"Gatom ogrevalni sistemi"},"image":{"@id":"https:\/\/www.zdravoogrevanje.si\/#\/schema\/logo\/image\/"},"sameAs":["https:\/\/www.facebook.com\/Zdravo-ogrevanje-828717990551148\/"]}]}},"_links":{"self":[{"href":"https:\/\/www.zdravoogrevanje.si\/hr\/wp-json\/wp\/v2\/product\/4417"}],"collection":[{"href":"https:\/\/www.zdravoogrevanje.si\/hr\/wp-json\/wp\/v2\/product"}],"about":[{"href":"https:\/\/www.zdravoogrevanje.si\/hr\/wp-json\/wp\/v2\/types\/product"}],"replies":[{"embeddable":true,"href":"https:\/\/www.zdravoogrevanje.si\/hr\/wp-json\/wp\/v2\/comments?post=4417"}],"version-history":[{"count":7,"href":"https:\/\/www.zdravoogrevanje.si\/hr\/wp-json\/wp\/v2\/product\/4417\/revisions"}],"predecessor-version":[{"id":8085,"href":"https:\/\/www.zdravoogrevanje.si\/hr\/wp-json\/wp\/v2\/product\/4417\/revisions\/8085"}],"wp:featuredmedia":[{"embeddable":true,"href":"https:\/\/www.zdravoogrevanje.si\/hr\/wp-json\/wp\/v2\/media\/9827"}],"wp:attachment":[{"href":"https:\/\/www.zdravoogrevanje.si\/hr\/wp-json\/wp\/v2\/media?parent=4417"}],"wp:term":[{"taxonomy":"product_cat","embeddable":true,"href":"https:\/\/www.zdravoogrevanje.si\/hr\/wp-json\/wp\/v2\/product_cat?post=4417"},{"taxonomy":"product_tag","embeddable":true,"href":"https:\/\/www.zdravoogrevanje.si\/hr\/wp-json\/wp\/v2\/product_tag?post=4417"}],"curies":[{"name":"wp","href":"https:\/\/api.w.org\/{rel}","templated":true}]}}