{"id":4428,"date":"2019-03-28T23:00:02","date_gmt":"2019-03-28T21:00:02","guid":{"rendered":"https:\/\/www.zdravoogrevanje.si\/izdelek\/infracrveni-paneli-ogledalo-450w\/"},"modified":"2021-03-04T18:44:47","modified_gmt":"2021-03-04T16:44:47","slug":"infracrveni-paneli-ogledalo-450w","status":"publish","type":"product","link":"https:\/\/www.zdravoogrevanje.si\/hr\/izdelek\/infracrveni-paneli-ogledalo-450w\/","title":{"rendered":"IC OGLEDALO ZA GREJANJE OGLEDALO SA LED OSVJETLJENJEM"},"content":{"rendered":"<div id=\"pg-411-0\" class=\"panel-grid panel-no-style\" data-style=\"{&quot;lsow_dark_bg&quot;:&quot;&quot;,&quot;cell_alignment&quot;:&quot;flex-start&quot;}\">\n<p id=\"pgc-411-0-0\" class=\"panel-grid-cell\" data-weight=\"1\"><span style=\"font-size: 140%; color: #282828;\"><strong>IC PANELI SA OGLEDALOM VELIKI SU IZBOR ZA KUPAONICE<\/strong><\/span><\/p>\n<\/div>\n<div id=\"pg-411-1\" class=\"panel-grid panel-no-style\" data-style=\"{&quot;lsow_dark_bg&quot;:&quot;&quot;,&quot;cell_alignment&quot;:&quot;flex-start&quot;}\">\n<div id=\"pgc-411-1-1\" class=\"panel-grid-cell\" data-weight=\"0.5\">\n<div id=\"panel-411-1-1-0\" class=\"so-panel widget widget_sow-editor panel-first-child panel-last-child\" data-index=\"2\" data-style=\"{&quot;background_display&quot;:&quot;tile&quot;}\">\n<div class=\"so-widget-sow-editor so-widget-sow-editor-base\">\n<div class=\"siteorigin-widget-tinymce textwidget\">\n<p>IC paneli su sigurni za upotrebu jer su stekli sve glavne europske certifikate: TUV GS, CE, RoHS, IP44 i IP56. Sama plo\u010da skriva integrirane temperaturne senzore koji spre\u010davaju mogu\u0107e pregrijavanje. Plo\u010da dolazi s nosa\u010dima koji nakon ugradnje ne dolaze u dodir sa zidom, ali su od njega udaljeni 1 cm.<\/p>\n<\/div>\n<\/div>\n<\/div>\n<\/div>\n<\/div>\n<div id=\"pg-411-3\" class=\"panel-grid panel-no-style\" data-style=\"{&quot;lsow_dark_bg&quot;:&quot;&quot;,&quot;cell_alignment&quot;:&quot;flex-start&quot;}\">\n<div id=\"pgc-411-3-1\" class=\"panel-grid-cell\" data-weight=\"0.5\">\n<div id=\"panel-411-3-1-0\" class=\"so-panel widget widget_sow-editor panel-first-child panel-last-child\" data-index=\"6\" data-style=\"{&quot;background_display&quot;:&quot;tile&quot;}\">\n<div class=\"so-widget-sow-editor so-widget-sow-editor-base\">\n<p><span style=\"font-size: 140%;\"><strong style=\"color: #282828;\">UGRADNJA IC PLO\u0160\u010cA<\/strong><\/span><\/p>\n<\/div>\n<\/div>\n<\/div>\n<\/div>\n<div id=\"pg-411-4\" class=\"panel-grid panel-no-style\" data-style=\"{&quot;lsow_dark_bg&quot;:&quot;&quot;,&quot;cell_alignment&quot;:&quot;flex-start&quot;}\">\n<div id=\"pgc-411-4-0\" class=\"panel-grid-cell\" data-weight=\"0.5\">\n<div id=\"panel-411-4-0-0\" class=\"so-panel widget widget_sow-editor panel-first-child panel-last-child\" data-index=\"7\" data-style=\"{&quot;background_display&quot;:&quot;tile&quot;}\">\n<div class=\"so-widget-sow-editor so-widget-sow-editor-base\">\n<div class=\"siteorigin-widget-tinymce textwidget\">\n<p>Instalacija IC panela ne mo\u017ee biti lak\u0161a. Monta\u017ea se odvija u tri jednostavna koraka, koji slijede u logi\u010dnom slijedu:<\/p>\n<p><span style=\"font-size: 100%;\"><img decoding=\"async\" loading=\"lazy\" class=\"wp-image-5058 alignleft\" src=\"https:\/\/www.zdravoogrevanje.si\/wp-content\/uploads\/2020\/04\/icons8-facebook-like-5.png\" alt=\"\" width=\"20\" height=\"20\" \/>svaka plo\u010da dolazi s predlo\u0161kom prema kojem mo\u017eete jednostavno izbu\u0161iti 4 rupe u zidu,<br \/>\n<\/span><\/p>\n<p><span style=\"font-size: 100%;\"><img decoding=\"async\" loading=\"lazy\" class=\"wp-image-5058 alignleft\" src=\"https:\/\/www.zdravoogrevanje.si\/wp-content\/uploads\/2020\/04\/icons8-facebook-like-5.png\" alt=\"\" width=\"20\" height=\"20\" \/>uvrnite isporu\u010dene nosa\u010de i objesite plo\u010du kao sliku,<br \/>\n<\/span><\/p>\n<p><span style=\"font-size: 100%;\"><img decoding=\"async\" loading=\"lazy\" class=\"wp-image-5058 alignleft\" src=\"https:\/\/www.zdravoogrevanje.si\/wp-content\/uploads\/2020\/04\/icons8-facebook-like-5.png\" alt=\"\" width=\"20\" height=\"20\" \/>umetnite termostat u uti\u010dnicu i umetnite plo\u010du u termostat.<br \/>\n<\/span><\/p>\n<\/div>\n<\/div>\n<\/div>\n<\/div>\n<div id=\"pgc-411-4-1\" class=\"panel-grid-cell\" data-weight=\"0.5\">\n<div id=\"panel-411-4-1-0\" class=\"so-panel widget widget_sow-editor panel-first-child panel-last-child\" data-index=\"8\" data-style=\"{&quot;background_display&quot;:&quot;tile&quot;}\">\n<div class=\"so-widget-sow-editor so-widget-sow-editor-base\">\n<div class=\"siteorigin-widget-tinymce textwidget\">\n<p><span style=\"font-size: 140%;\"><strong style=\"color: #333333;\"><span style=\"color: #282828;\">VELIKO RJE\u0160ENJE ZA IZNAJMLJENE STANOVE<\/span><\/strong><\/span><\/p>\n<\/div>\n<\/div>\n<\/div>\n<\/div>\n<\/div>\n<div id=\"pg-411-5\" class=\"panel-grid panel-no-style\" data-style=\"{&quot;lsow_dark_bg&quot;:&quot;&quot;,&quot;cell_alignment&quot;:&quot;flex-start&quot;}\">\n<div id=\"pgc-411-5-0\" class=\"panel-grid-cell\" data-weight=\"0.5\">\n<div id=\"panel-411-5-0-0\" class=\"so-panel widget widget_sow-editor panel-first-child panel-last-child\" data-index=\"9\" data-style=\"{&quot;background_display&quot;:&quot;tile&quot;}\">\n<div class=\"so-widget-sow-editor so-widget-sow-editor-base\">\n<div class=\"siteorigin-widget-tinymce textwidget\">\n<p>Glavna prednost plo\u010da je u tome \u0161to tijekom instalacije ne morate ometati sam stan, pa vam u ve\u0107ini slu\u010dajeva nije potrebno nikakvo dopu\u0161tenje vlasnika stana. U slu\u010daju preseljenja, IC sustav grijanja lako mo\u017eete ponijeti sa sobom.<\/p>\n<\/div>\n<\/div>\n<\/div>\n<\/div>\n<\/div>\n","protected":false},"excerpt":{"rendered":"<p><span style=\"font-family: helvetica, arial, sans-serif; font-size: 100%;\">IC OGLEDALO ZA GREJANJE OGLEDALO S LED OSVJETLJENJEM naj\u010de\u0161\u0107e se koristi u kupaonicama i kupaonicama, ali je tako\u0111er neophodno za grijanje svih ostalih \u017eivotnih prostora. IC grija\u0107a plo\u010da MIRROR ima izuzetno elegantan izgled debljine samo 2 cm, a kori\u0161tenjem grijanog ogledala, osim \u0161to zagrijava sobu, sprje\u010dava i rosu. Ogledalo ima tvorni\u010dki ugra\u0111enu LED rasvjetu.<\/span><\/p>\n<p><img decoding=\"async\" loading=\"lazy\" class=\"wp-image-5057 alignleft\" src=\"https:\/\/www.zdravoogrevanje.si\/wp-content\/uploads\/2020\/04\/icons8-facebook-like-5.png\" alt=\"\" width=\"20\" height=\"20\" \/>Visoka efikasnost<\/p>\n<p><img decoding=\"async\" loading=\"lazy\" class=\"wp-image-5057 alignleft\" src=\"https:\/\/www.zdravoogrevanje.si\/wp-content\/uploads\/2020\/04\/icons8-facebook-like-5.png\" alt=\"\" width=\"20\" height=\"20\" \/>Ugra\u0111ena LED rasvjeta<\/p>\n<p><img decoding=\"async\" loading=\"lazy\" class=\"wp-image-5057 alignleft\" src=\"https:\/\/www.zdravoogrevanje.si\/wp-content\/uploads\/2020\/04\/icons8-facebook-like-5.png\" alt=\"\" width=\"20\" height=\"20\" \/>Elegantan dizajn bez okvira<\/p>\n<p><img decoding=\"async\" loading=\"lazy\" class=\"wp-image-5057 alignleft\" src=\"https:\/\/www.zdravoogrevanje.si\/wp-content\/uploads\/2020\/04\/icons8-facebook-like-5.png\" alt=\"\" width=\"20\" height=\"20\" \/>Mogu\u0107a uporaba bez termostata<\/p>\n<p><img decoding=\"async\" loading=\"lazy\" class=\"wp-image-5057 alignleft\" src=\"https:\/\/www.zdravoogrevanje.si\/wp-content\/uploads\/2020\/04\/icons8-facebook-like-5.png\" alt=\"\" width=\"20\" height=\"20\" \/>U\u0161teda od 40% na tro\u0161kovima grijanja<\/p>\n<p>I<img decoding=\"async\" loading=\"lazy\" class=\"wp-image-5057 alignleft\" src=\"https:\/\/www.zdravoogrevanje.si\/wp-content\/uploads\/2020\/04\/icons8-facebook-like-5.png\" alt=\"\" width=\"20\" height=\"20\" \/>Inovativni grija\u0107i element s tehnologijom kristalnog ugljika<\/p>\n","protected":false},"featured_media":6013,"comment_status":"open","ping_status":"closed","template":"","meta":[],"product_cat":[100,120],"product_tag":[],"yoast_head":"<!-- This site is optimized with the Yoast SEO plugin v20.2 - https:\/\/yoast.com\/wordpress\/plugins\/seo\/ -->\n<title>IR PANELI ICM 450W OGLEDALO - VRHUNSKA KAKOVOST<\/title>\n<meta name=\"description\" content=\"IR PANELI Z OGLEDALOM so odli\u010dna re\u0161itev za ogrevanje kopalnice. Zagotavljajo vam 30 let \u017eivljenjske dobe in visoke prihranke pri ogrevanju.\" \/>\n<meta name=\"robots\" content=\"index, follow, max-snippet:-1, max-image-preview:large, max-video-preview:-1\" \/>\n<link rel=\"canonical\" href=\"https:\/\/www.zdravoogrevanje.si\/hr\/izdelek\/infracrveni-paneli-ogledalo-450w\/\" \/>\n<meta property=\"og:locale\" content=\"hr_HR\" \/>\n<meta property=\"og:type\" content=\"article\" \/>\n<meta property=\"og:title\" content=\"IR PANELI ICM 450W OGLEDALO - VRHUNSKA KAKOVOST\" \/>\n<meta property=\"og:description\" content=\"IR PANELI Z OGLEDALOM so odli\u010dna re\u0161itev za ogrevanje kopalnice. Zagotavljajo vam 30 let \u017eivljenjske dobe in visoke prihranke pri ogrevanju.\" \/>\n<meta property=\"og:url\" content=\"https:\/\/www.zdravoogrevanje.si\/hr\/izdelek\/infracrveni-paneli-ogledalo-450w\/\" \/>\n<meta property=\"og:site_name\" content=\"Zdravo ogrevanje | Gatom ogrevalni sistemi\" \/>\n<meta property=\"article:publisher\" content=\"https:\/\/www.facebook.com\/Zdravo-ogrevanje-828717990551148\/\" \/>\n<meta property=\"article:modified_time\" content=\"2021-03-04T16:44:47+00:00\" \/>\n<meta property=\"og:image\" content=\"https:\/\/www.zdravoogrevanje.si\/wp-content\/uploads\/2019\/03\/ir-panel-mirror.jpg\" \/>\n\t<meta property=\"og:image:width\" content=\"1200\" \/>\n\t<meta property=\"og:image:height\" content=\"1200\" \/>\n\t<meta property=\"og:image:type\" content=\"image\/jpeg\" \/>\n<meta name=\"twitter:card\" content=\"summary_large_image\" \/>\n<meta name=\"twitter:label1\" content=\"Procijenjeno vrijeme \u010ditanja\" \/>\n\t<meta name=\"twitter:data1\" content=\"1 minuta\" \/>\n<script type=\"application\/ld+json\" class=\"yoast-schema-graph\">{\"@context\":\"https:\/\/schema.org\",\"@graph\":[{\"@type\":\"WebPage\",\"@id\":\"https:\/\/www.zdravoogrevanje.si\/hr\/izdelek\/infracrveni-paneli-ogledalo-450w\/\",\"url\":\"https:\/\/www.zdravoogrevanje.si\/hr\/izdelek\/infracrveni-paneli-ogledalo-450w\/\",\"name\":\"IR PANELI ICM 450W OGLEDALO - VRHUNSKA KAKOVOST\",\"isPartOf\":{\"@id\":\"https:\/\/www.zdravoogrevanje.si\/#website\"},\"datePublished\":\"2019-03-28T21:00:02+00:00\",\"dateModified\":\"2021-03-04T16:44:47+00:00\",\"description\":\"IR PANELI Z OGLEDALOM so odli\u010dna re\u0161itev za ogrevanje kopalnice. Zagotavljajo vam 30 let \u017eivljenjske dobe in visoke prihranke pri ogrevanju.\",\"breadcrumb\":{\"@id\":\"https:\/\/www.zdravoogrevanje.si\/hr\/izdelek\/infracrveni-paneli-ogledalo-450w\/#breadcrumb\"},\"inLanguage\":\"hr\",\"potentialAction\":[{\"@type\":\"ReadAction\",\"target\":[\"https:\/\/www.zdravoogrevanje.si\/hr\/izdelek\/infracrveni-paneli-ogledalo-450w\/\"]}]},{\"@type\":\"BreadcrumbList\",\"@id\":\"https:\/\/www.zdravoogrevanje.si\/hr\/izdelek\/infracrveni-paneli-ogledalo-450w\/#breadcrumb\",\"itemListElement\":[{\"@type\":\"ListItem\",\"position\":1,\"name\":\"Home\",\"item\":\"https:\/\/www.zdravoogrevanje.si\/hr\/\"},{\"@type\":\"ListItem\",\"position\":2,\"name\":\"Trgovina\",\"item\":\"https:\/\/www.zdravoogrevanje.si\/trgovina\/\"},{\"@type\":\"ListItem\",\"position\":3,\"name\":\"IC OGLEDALO ZA GREJANJE OGLEDALO SA LED OSVJETLJENJEM\"}]},{\"@type\":\"WebSite\",\"@id\":\"https:\/\/www.zdravoogrevanje.si\/#website\",\"url\":\"https:\/\/www.zdravoogrevanje.si\/\",\"name\":\"Zdravo ogrevanje | Gatom ogrevalni sistemi\",\"description\":\"Privar\u010dujte pri ogrevanju.\",\"publisher\":{\"@id\":\"https:\/\/www.zdravoogrevanje.si\/#organization\"},\"potentialAction\":[{\"@type\":\"SearchAction\",\"target\":{\"@type\":\"EntryPoint\",\"urlTemplate\":\"https:\/\/www.zdravoogrevanje.si\/?s={search_term_string}\"},\"query-input\":\"required name=search_term_string\"}],\"inLanguage\":\"hr\"},{\"@type\":\"Organization\",\"@id\":\"https:\/\/www.zdravoogrevanje.si\/#organization\",\"name\":\"Gatom ogrevalni sistemi\",\"url\":\"https:\/\/www.zdravoogrevanje.si\/\",\"logo\":{\"@type\":\"ImageObject\",\"inLanguage\":\"hr\",\"@id\":\"https:\/\/www.zdravoogrevanje.si\/#\/schema\/logo\/image\/\",\"url\":\"https:\/\/www.zdravoogrevanje.si\/wp-content\/uploads\/2017\/10\/logo1.png\",\"contentUrl\":\"https:\/\/www.zdravoogrevanje.si\/wp-content\/uploads\/2017\/10\/logo1.png\",\"width\":342,\"height\":100,\"caption\":\"Gatom ogrevalni sistemi\"},\"image\":{\"@id\":\"https:\/\/www.zdravoogrevanje.si\/#\/schema\/logo\/image\/\"},\"sameAs\":[\"https:\/\/www.facebook.com\/Zdravo-ogrevanje-828717990551148\/\"]}]}<\/script>\n<!-- \/ Yoast SEO plugin. -->","yoast_head_json":{"title":"IR PANELI ICM 450W OGLEDALO - VRHUNSKA KAKOVOST","description":"IR PANELI Z OGLEDALOM so odli\u010dna re\u0161itev za ogrevanje kopalnice. Zagotavljajo vam 30 let \u017eivljenjske dobe in visoke prihranke pri ogrevanju.","robots":{"index":"index","follow":"follow","max-snippet":"max-snippet:-1","max-image-preview":"max-image-preview:large","max-video-preview":"max-video-preview:-1"},"canonical":"https:\/\/www.zdravoogrevanje.si\/hr\/izdelek\/infracrveni-paneli-ogledalo-450w\/","og_locale":"hr_HR","og_type":"article","og_title":"IR PANELI ICM 450W OGLEDALO - VRHUNSKA KAKOVOST","og_description":"IR PANELI Z OGLEDALOM so odli\u010dna re\u0161itev za ogrevanje kopalnice. Zagotavljajo vam 30 let \u017eivljenjske dobe in visoke prihranke pri ogrevanju.","og_url":"https:\/\/www.zdravoogrevanje.si\/hr\/izdelek\/infracrveni-paneli-ogledalo-450w\/","og_site_name":"Zdravo ogrevanje | Gatom ogrevalni sistemi","article_publisher":"https:\/\/www.facebook.com\/Zdravo-ogrevanje-828717990551148\/","article_modified_time":"2021-03-04T16:44:47+00:00","og_image":[{"width":1200,"height":1200,"url":"https:\/\/www.zdravoogrevanje.si\/wp-content\/uploads\/2019\/03\/ir-panel-mirror.jpg","type":"image\/jpeg"}],"twitter_card":"summary_large_image","twitter_misc":{"Procijenjeno vrijeme \u010ditanja":"1 minuta"},"schema":{"@context":"https:\/\/schema.org","@graph":[{"@type":"WebPage","@id":"https:\/\/www.zdravoogrevanje.si\/hr\/izdelek\/infracrveni-paneli-ogledalo-450w\/","url":"https:\/\/www.zdravoogrevanje.si\/hr\/izdelek\/infracrveni-paneli-ogledalo-450w\/","name":"IR PANELI ICM 450W OGLEDALO - VRHUNSKA KAKOVOST","isPartOf":{"@id":"https:\/\/www.zdravoogrevanje.si\/#website"},"datePublished":"2019-03-28T21:00:02+00:00","dateModified":"2021-03-04T16:44:47+00:00","description":"IR PANELI Z OGLEDALOM so odli\u010dna re\u0161itev za ogrevanje kopalnice. Zagotavljajo vam 30 let \u017eivljenjske dobe in visoke prihranke pri ogrevanju.","breadcrumb":{"@id":"https:\/\/www.zdravoogrevanje.si\/hr\/izdelek\/infracrveni-paneli-ogledalo-450w\/#breadcrumb"},"inLanguage":"hr","potentialAction":[{"@type":"ReadAction","target":["https:\/\/www.zdravoogrevanje.si\/hr\/izdelek\/infracrveni-paneli-ogledalo-450w\/"]}]},{"@type":"BreadcrumbList","@id":"https:\/\/www.zdravoogrevanje.si\/hr\/izdelek\/infracrveni-paneli-ogledalo-450w\/#breadcrumb","itemListElement":[{"@type":"ListItem","position":1,"name":"Home","item":"https:\/\/www.zdravoogrevanje.si\/hr\/"},{"@type":"ListItem","position":2,"name":"Trgovina","item":"https:\/\/www.zdravoogrevanje.si\/trgovina\/"},{"@type":"ListItem","position":3,"name":"IC OGLEDALO ZA GREJANJE OGLEDALO SA LED OSVJETLJENJEM"}]},{"@type":"WebSite","@id":"https:\/\/www.zdravoogrevanje.si\/#website","url":"https:\/\/www.zdravoogrevanje.si\/","name":"Zdravo ogrevanje | Gatom ogrevalni sistemi","description":"Privar\u010dujte pri ogrevanju.","publisher":{"@id":"https:\/\/www.zdravoogrevanje.si\/#organization"},"potentialAction":[{"@type":"SearchAction","target":{"@type":"EntryPoint","urlTemplate":"https:\/\/www.zdravoogrevanje.si\/?s={search_term_string}"},"query-input":"required name=search_term_string"}],"inLanguage":"hr"},{"@type":"Organization","@id":"https:\/\/www.zdravoogrevanje.si\/#organization","name":"Gatom ogrevalni sistemi","url":"https:\/\/www.zdravoogrevanje.si\/","logo":{"@type":"ImageObject","inLanguage":"hr","@id":"https:\/\/www.zdravoogrevanje.si\/#\/schema\/logo\/image\/","url":"https:\/\/www.zdravoogrevanje.si\/wp-content\/uploads\/2017\/10\/logo1.png","contentUrl":"https:\/\/www.zdravoogrevanje.si\/wp-content\/uploads\/2017\/10\/logo1.png","width":342,"height":100,"caption":"Gatom ogrevalni sistemi"},"image":{"@id":"https:\/\/www.zdravoogrevanje.si\/#\/schema\/logo\/image\/"},"sameAs":["https:\/\/www.facebook.com\/Zdravo-ogrevanje-828717990551148\/"]}]}},"_links":{"self":[{"href":"https:\/\/www.zdravoogrevanje.si\/hr\/wp-json\/wp\/v2\/product\/4428"}],"collection":[{"href":"https:\/\/www.zdravoogrevanje.si\/hr\/wp-json\/wp\/v2\/product"}],"about":[{"href":"https:\/\/www.zdravoogrevanje.si\/hr\/wp-json\/wp\/v2\/types\/product"}],"replies":[{"embeddable":true,"href":"https:\/\/www.zdravoogrevanje.si\/hr\/wp-json\/wp\/v2\/comments?post=4428"}],"version-history":[{"count":4,"href":"https:\/\/www.zdravoogrevanje.si\/hr\/wp-json\/wp\/v2\/product\/4428\/revisions"}],"predecessor-version":[{"id":8099,"href":"https:\/\/www.zdravoogrevanje.si\/hr\/wp-json\/wp\/v2\/product\/4428\/revisions\/8099"}],"wp:featuredmedia":[{"embeddable":true,"href":"https:\/\/www.zdravoogrevanje.si\/hr\/wp-json\/wp\/v2\/media\/6013"}],"wp:attachment":[{"href":"https:\/\/www.zdravoogrevanje.si\/hr\/wp-json\/wp\/v2\/media?parent=4428"}],"wp:term":[{"taxonomy":"product_cat","embeddable":true,"href":"https:\/\/www.zdravoogrevanje.si\/hr\/wp-json\/wp\/v2\/product_cat?post=4428"},{"taxonomy":"product_tag","embeddable":true,"href":"https:\/\/www.zdravoogrevanje.si\/hr\/wp-json\/wp\/v2\/product_tag?post=4428"}],"curies":[{"name":"wp","href":"https:\/\/api.w.org\/{rel}","templated":true}]}}