{"id":4476,"date":"2016-06-29T11:18:52","date_gmt":"2016-06-29T09:18:52","guid":{"rendered":"https:\/\/www.zdravoogrevanje.si\/izdelek\/infracrveni-paneli\/"},"modified":"2021-03-04T18:42:16","modified_gmt":"2021-03-04T16:42:16","slug":"industrijski-infracrveni-panel-ekowerm-s1000w","status":"publish","type":"product","link":"https:\/\/www.zdravoogrevanje.si\/hr\/izdelek\/industrijski-infracrveni-panel-ekowerm-s1000w\/","title":{"rendered":"INDUSTRIJSKI IC PANEL EKOWERM S+1000W"},"content":{"rendered":"<p>Ekowerm S + industrijski IC paneli izra\u0111eni su u EU od kvalitetnih materijala i pogodni su za grijanje proizvodnih hala, skladi\u0161ta, crkava, gostionica, restorana i svih soba s iznad standardne visine stropa. IC panele preporu\u010da se ugraditi ispod stropa \u010deli\u010dnim u\u017eetom ili lancem na visini izme\u0111u 3,5 i 10 m, ovisno o \u010dvrsto\u0107i panela ili na zid s gredama. Na\u0161a profesionalna instalacija i iskustvo pru\u017eaju vam ugodnu toplinu i u\u0161tedu na grijanju.<\/p>\n<p>&nbsp;<\/p>\n<p><img decoding=\"async\" loading=\"lazy\" class=\"wp-image-4483 alignleft\" src=\"https:\/\/www.zdravoogrevanje.si\/wp-content\/uploads\/2016\/06\/industrijski-ir-panel-ekowerm-s-3.jpg\" alt=\"industrijski-ir-panel-ekowerm-s+-3\" width=\"568\" height=\"156\" \/><\/p>\n<p>&nbsp;<\/p>\n<p style=\"text-align: left;\"><span style=\"font-size: 140%;\">INDUSTRIJSKI IC PANEL EKOWERM S + POTPUNO JE IZRA\u0110EN U EU<\/span><\/p>\n<p>Industrijski IC panel EKOWERM S + izra\u0111en je od kvalitetnih materijala i pogodan je za grijanje proizvodnih hala, skladi\u0161ta, crkava, gostionica, restorana i svih prostorija s iznad standardne visine stropa. Na\u0161a profesionalna instalacija i iskustvo pru\u017eaju vam ugodnu toplinu i u\u0161tedu na grijanju.<\/p>\n<p>&nbsp;<\/p>\n<p>&nbsp;<\/p>\n<p>&nbsp;<\/p>\n<p><img decoding=\"async\" loading=\"lazy\" class=\"wp-image-4010 alignleft\" src=\"https:\/\/www.zdravoogrevanje.si\/wp-content\/uploads\/2016\/06\/industrijski-ir-panel-ekowerm-s-4-e1612993878527.jpg\" alt=\"industrijski-ir-panel-ekowerm-s+-4\" width=\"568\" height=\"243\" \/><\/p>\n<p style=\"text-align: left;\"><span style=\"font-size: 140%;\">INDUSTRIJSKI IC-panel EKOWERM S + IMA ZA\u0160TITU OD TU\u0160A OD PRA\u0160INE I VODE<\/span><\/p>\n<p>Zbog ove vrste za\u0161tite upotreba EKOWERM IC panela potpuno je sigurna u svim uvjetima. Industrijska IC plo\u010da ne emitira svjetlost, \u0161to je pogodno za arhitektonske prostore u kojima bi svjetlost smetala.<\/p>\n<p>EKOWERM IC plo\u010da emitira toplinu u srednjem i dugovalnom infracrvenom spektru i ne uzrokuje zagrijavanje zraka. Omogu\u0107uje preciznu i ravnomjernu raspodjelu topline.<\/p>\n<p>&nbsp;<\/p>\n<p>&nbsp;<\/p>\n<p>&nbsp;<\/p>\n<p><img decoding=\"async\" loading=\"lazy\" class=\"wp-image-4485 alignleft\" src=\"https:\/\/www.zdravoogrevanje.si\/wp-content\/uploads\/2016\/06\/industrijski-ir-panel-ekowerm-s-2.jpg\" alt=\"industrijski-ir-panel-ekowerm-s+-2\" width=\"569\" height=\"224\" \/><\/p>\n<p>&nbsp;<\/p>\n<p style=\"text-align: left;\"><span style=\"font-size: 140%;\">NOSA\u010cI ZA PODESIVI KUT RADA 90 \u00b0<\/span><\/p>\n<p>Nosa\u010di omogu\u0107uju pode\u0161avanje razli\u010ditih kutova grijanja do 90 \u00b0. EKOWERM S + IC paneli pru\u017eaju \u010distu toplinu bez mirisa, buke i kondenzacije. Oni tako\u0111er ne uzrokuju cirkulaciju pra\u0161ine, \u0161to je posebno pogodno za alergi\u010dare. Prikladni su za zidnu ili stropnu monta\u017eu.<\/p>\n","protected":false},"excerpt":{"rendered":"<p class=\"product_title entry-title\"><span style=\"font-family: helvetica, arial, sans-serif; font-size: 115%;\">EKOWERM visokotemperaturni paneli za zra\u010denje namijenjeni su prvenstveno grijanju industrijskih objekata, skladi\u0161ta, radionica, sportskih dvorana, teretana &#8230;<br \/>\n<\/span><span style=\"font-family: helvetica, arial, sans-serif; font-size: 115%;\">Plo\u010de se mogu ugraditi ispod stropa \u010deli\u010dnim u\u017eetom ili lancem na visini izme\u0111u 3,5 m do 10 m, ovisno o \u010dvrsto\u0107i plo\u010da, ili na zid s pri\u010dvr\u0161\u0107enim nosa\u010dima.<\/span><\/p>\n","protected":false},"featured_media":4482,"comment_status":"open","ping_status":"closed","template":"","meta":[],"product_cat":[100],"product_tag":[],"yoast_head":"<!-- This site is optimized with the Yoast SEO plugin v20.2 - https:\/\/yoast.com\/wordpress\/plugins\/seo\/ -->\n<title>INDUSTRIJSKI IC PANEL EKOWERM S+1000W - EU IZDELAVA<\/title>\n<meta name=\"description\" content=\"Industrijski IR panel EKOWERM S+ z 25 - letno tradicijo je v celoti izdelan v EU iz naprednih, izbranih materialov. Nizka cena in visoka kakovost.\" \/>\n<meta name=\"robots\" content=\"index, follow, max-snippet:-1, max-image-preview:large, max-video-preview:-1\" \/>\n<link rel=\"canonical\" href=\"https:\/\/www.zdravoogrevanje.si\/hr\/izdelek\/industrijski-infracrveni-panel-ekowerm-s1000w\/\" \/>\n<meta property=\"og:locale\" content=\"hr_HR\" \/>\n<meta property=\"og:type\" content=\"article\" \/>\n<meta property=\"og:title\" content=\"INDUSTRIJSKI IC PANEL EKOWERM S+1000W - EU IZDELAVA\" \/>\n<meta property=\"og:description\" content=\"Industrijski IR panel EKOWERM S+ z 25 - letno tradicijo je v celoti izdelan v EU iz naprednih, izbranih materialov. Nizka cena in visoka kakovost.\" \/>\n<meta property=\"og:url\" content=\"https:\/\/www.zdravoogrevanje.si\/hr\/izdelek\/industrijski-infracrveni-panel-ekowerm-s1000w\/\" \/>\n<meta property=\"og:site_name\" content=\"Zdravo ogrevanje | Gatom ogrevalni sistemi\" \/>\n<meta property=\"article:publisher\" content=\"https:\/\/www.facebook.com\/Zdravo-ogrevanje-828717990551148\/\" \/>\n<meta property=\"article:modified_time\" content=\"2021-03-04T16:42:16+00:00\" \/>\n<meta property=\"og:image\" content=\"https:\/\/www.zdravoogrevanje.si\/wp-content\/uploads\/2016\/06\/industrijski-ir-panel-ekowerm-s.jpg\" \/>\n\t<meta property=\"og:image:width\" content=\"900\" \/>\n\t<meta property=\"og:image:height\" content=\"386\" \/>\n\t<meta property=\"og:image:type\" content=\"image\/jpeg\" \/>\n<meta name=\"twitter:card\" content=\"summary_large_image\" \/>\n<meta name=\"twitter:label1\" content=\"Procijenjeno vrijeme \u010ditanja\" \/>\n\t<meta name=\"twitter:data1\" content=\"1 minuta\" \/>\n<script type=\"application\/ld+json\" class=\"yoast-schema-graph\">{\"@context\":\"https:\/\/schema.org\",\"@graph\":[{\"@type\":\"WebPage\",\"@id\":\"https:\/\/www.zdravoogrevanje.si\/hr\/izdelek\/industrijski-infracrveni-panel-ekowerm-s1000w\/\",\"url\":\"https:\/\/www.zdravoogrevanje.si\/hr\/izdelek\/industrijski-infracrveni-panel-ekowerm-s1000w\/\",\"name\":\"INDUSTRIJSKI IC PANEL EKOWERM S+1000W - EU IZDELAVA\",\"isPartOf\":{\"@id\":\"https:\/\/www.zdravoogrevanje.si\/#website\"},\"datePublished\":\"2016-06-29T09:18:52+00:00\",\"dateModified\":\"2021-03-04T16:42:16+00:00\",\"description\":\"Industrijski IR panel EKOWERM S+ z 25 - letno tradicijo je v celoti izdelan v EU iz naprednih, izbranih materialov. Nizka cena in visoka kakovost.\",\"breadcrumb\":{\"@id\":\"https:\/\/www.zdravoogrevanje.si\/hr\/izdelek\/industrijski-infracrveni-panel-ekowerm-s1000w\/#breadcrumb\"},\"inLanguage\":\"hr\",\"potentialAction\":[{\"@type\":\"ReadAction\",\"target\":[\"https:\/\/www.zdravoogrevanje.si\/hr\/izdelek\/industrijski-infracrveni-panel-ekowerm-s1000w\/\"]}]},{\"@type\":\"BreadcrumbList\",\"@id\":\"https:\/\/www.zdravoogrevanje.si\/hr\/izdelek\/industrijski-infracrveni-panel-ekowerm-s1000w\/#breadcrumb\",\"itemListElement\":[{\"@type\":\"ListItem\",\"position\":1,\"name\":\"Home\",\"item\":\"https:\/\/www.zdravoogrevanje.si\/hr\/\"},{\"@type\":\"ListItem\",\"position\":2,\"name\":\"Trgovina\",\"item\":\"https:\/\/www.zdravoogrevanje.si\/trgovina\/\"},{\"@type\":\"ListItem\",\"position\":3,\"name\":\"INDUSTRIJSKI IC PANEL EKOWERM S+1000W\"}]},{\"@type\":\"WebSite\",\"@id\":\"https:\/\/www.zdravoogrevanje.si\/#website\",\"url\":\"https:\/\/www.zdravoogrevanje.si\/\",\"name\":\"Zdravo ogrevanje | Gatom ogrevalni sistemi\",\"description\":\"Privar\u010dujte pri ogrevanju.\",\"publisher\":{\"@id\":\"https:\/\/www.zdravoogrevanje.si\/#organization\"},\"potentialAction\":[{\"@type\":\"SearchAction\",\"target\":{\"@type\":\"EntryPoint\",\"urlTemplate\":\"https:\/\/www.zdravoogrevanje.si\/?s={search_term_string}\"},\"query-input\":\"required name=search_term_string\"}],\"inLanguage\":\"hr\"},{\"@type\":\"Organization\",\"@id\":\"https:\/\/www.zdravoogrevanje.si\/#organization\",\"name\":\"Gatom ogrevalni sistemi\",\"url\":\"https:\/\/www.zdravoogrevanje.si\/\",\"logo\":{\"@type\":\"ImageObject\",\"inLanguage\":\"hr\",\"@id\":\"https:\/\/www.zdravoogrevanje.si\/#\/schema\/logo\/image\/\",\"url\":\"https:\/\/www.zdravoogrevanje.si\/wp-content\/uploads\/2017\/10\/logo1.png\",\"contentUrl\":\"https:\/\/www.zdravoogrevanje.si\/wp-content\/uploads\/2017\/10\/logo1.png\",\"width\":342,\"height\":100,\"caption\":\"Gatom ogrevalni sistemi\"},\"image\":{\"@id\":\"https:\/\/www.zdravoogrevanje.si\/#\/schema\/logo\/image\/\"},\"sameAs\":[\"https:\/\/www.facebook.com\/Zdravo-ogrevanje-828717990551148\/\"]}]}<\/script>\n<!-- \/ Yoast SEO plugin. -->","yoast_head_json":{"title":"INDUSTRIJSKI IC PANEL EKOWERM S+1000W - EU IZDELAVA","description":"Industrijski IR panel EKOWERM S+ z 25 - letno tradicijo je v celoti izdelan v EU iz naprednih, izbranih materialov. Nizka cena in visoka kakovost.","robots":{"index":"index","follow":"follow","max-snippet":"max-snippet:-1","max-image-preview":"max-image-preview:large","max-video-preview":"max-video-preview:-1"},"canonical":"https:\/\/www.zdravoogrevanje.si\/hr\/izdelek\/industrijski-infracrveni-panel-ekowerm-s1000w\/","og_locale":"hr_HR","og_type":"article","og_title":"INDUSTRIJSKI IC PANEL EKOWERM S+1000W - EU IZDELAVA","og_description":"Industrijski IR panel EKOWERM S+ z 25 - letno tradicijo je v celoti izdelan v EU iz naprednih, izbranih materialov. Nizka cena in visoka kakovost.","og_url":"https:\/\/www.zdravoogrevanje.si\/hr\/izdelek\/industrijski-infracrveni-panel-ekowerm-s1000w\/","og_site_name":"Zdravo ogrevanje | Gatom ogrevalni sistemi","article_publisher":"https:\/\/www.facebook.com\/Zdravo-ogrevanje-828717990551148\/","article_modified_time":"2021-03-04T16:42:16+00:00","og_image":[{"width":900,"height":386,"url":"https:\/\/www.zdravoogrevanje.si\/wp-content\/uploads\/2016\/06\/industrijski-ir-panel-ekowerm-s.jpg","type":"image\/jpeg"}],"twitter_card":"summary_large_image","twitter_misc":{"Procijenjeno vrijeme \u010ditanja":"1 minuta"},"schema":{"@context":"https:\/\/schema.org","@graph":[{"@type":"WebPage","@id":"https:\/\/www.zdravoogrevanje.si\/hr\/izdelek\/industrijski-infracrveni-panel-ekowerm-s1000w\/","url":"https:\/\/www.zdravoogrevanje.si\/hr\/izdelek\/industrijski-infracrveni-panel-ekowerm-s1000w\/","name":"INDUSTRIJSKI IC PANEL EKOWERM S+1000W - EU IZDELAVA","isPartOf":{"@id":"https:\/\/www.zdravoogrevanje.si\/#website"},"datePublished":"2016-06-29T09:18:52+00:00","dateModified":"2021-03-04T16:42:16+00:00","description":"Industrijski IR panel EKOWERM S+ z 25 - letno tradicijo je v celoti izdelan v EU iz naprednih, izbranih materialov. Nizka cena in visoka kakovost.","breadcrumb":{"@id":"https:\/\/www.zdravoogrevanje.si\/hr\/izdelek\/industrijski-infracrveni-panel-ekowerm-s1000w\/#breadcrumb"},"inLanguage":"hr","potentialAction":[{"@type":"ReadAction","target":["https:\/\/www.zdravoogrevanje.si\/hr\/izdelek\/industrijski-infracrveni-panel-ekowerm-s1000w\/"]}]},{"@type":"BreadcrumbList","@id":"https:\/\/www.zdravoogrevanje.si\/hr\/izdelek\/industrijski-infracrveni-panel-ekowerm-s1000w\/#breadcrumb","itemListElement":[{"@type":"ListItem","position":1,"name":"Home","item":"https:\/\/www.zdravoogrevanje.si\/hr\/"},{"@type":"ListItem","position":2,"name":"Trgovina","item":"https:\/\/www.zdravoogrevanje.si\/trgovina\/"},{"@type":"ListItem","position":3,"name":"INDUSTRIJSKI IC PANEL EKOWERM S+1000W"}]},{"@type":"WebSite","@id":"https:\/\/www.zdravoogrevanje.si\/#website","url":"https:\/\/www.zdravoogrevanje.si\/","name":"Zdravo ogrevanje | Gatom ogrevalni sistemi","description":"Privar\u010dujte pri ogrevanju.","publisher":{"@id":"https:\/\/www.zdravoogrevanje.si\/#organization"},"potentialAction":[{"@type":"SearchAction","target":{"@type":"EntryPoint","urlTemplate":"https:\/\/www.zdravoogrevanje.si\/?s={search_term_string}"},"query-input":"required name=search_term_string"}],"inLanguage":"hr"},{"@type":"Organization","@id":"https:\/\/www.zdravoogrevanje.si\/#organization","name":"Gatom ogrevalni sistemi","url":"https:\/\/www.zdravoogrevanje.si\/","logo":{"@type":"ImageObject","inLanguage":"hr","@id":"https:\/\/www.zdravoogrevanje.si\/#\/schema\/logo\/image\/","url":"https:\/\/www.zdravoogrevanje.si\/wp-content\/uploads\/2017\/10\/logo1.png","contentUrl":"https:\/\/www.zdravoogrevanje.si\/wp-content\/uploads\/2017\/10\/logo1.png","width":342,"height":100,"caption":"Gatom ogrevalni sistemi"},"image":{"@id":"https:\/\/www.zdravoogrevanje.si\/#\/schema\/logo\/image\/"},"sameAs":["https:\/\/www.facebook.com\/Zdravo-ogrevanje-828717990551148\/"]}]}},"_links":{"self":[{"href":"https:\/\/www.zdravoogrevanje.si\/hr\/wp-json\/wp\/v2\/product\/4476"}],"collection":[{"href":"https:\/\/www.zdravoogrevanje.si\/hr\/wp-json\/wp\/v2\/product"}],"about":[{"href":"https:\/\/www.zdravoogrevanje.si\/hr\/wp-json\/wp\/v2\/types\/product"}],"replies":[{"embeddable":true,"href":"https:\/\/www.zdravoogrevanje.si\/hr\/wp-json\/wp\/v2\/comments?post=4476"}],"version-history":[{"count":25,"href":"https:\/\/www.zdravoogrevanje.si\/hr\/wp-json\/wp\/v2\/product\/4476\/revisions"}],"predecessor-version":[{"id":8097,"href":"https:\/\/www.zdravoogrevanje.si\/hr\/wp-json\/wp\/v2\/product\/4476\/revisions\/8097"}],"wp:featuredmedia":[{"embeddable":true,"href":"https:\/\/www.zdravoogrevanje.si\/hr\/wp-json\/wp\/v2\/media\/4482"}],"wp:attachment":[{"href":"https:\/\/www.zdravoogrevanje.si\/hr\/wp-json\/wp\/v2\/media?parent=4476"}],"wp:term":[{"taxonomy":"product_cat","embeddable":true,"href":"https:\/\/www.zdravoogrevanje.si\/hr\/wp-json\/wp\/v2\/product_cat?post=4476"},{"taxonomy":"product_tag","embeddable":true,"href":"https:\/\/www.zdravoogrevanje.si\/hr\/wp-json\/wp\/v2\/product_tag?post=4476"}],"curies":[{"name":"wp","href":"https:\/\/api.w.org\/{rel}","templated":true}]}}