{"id":4790,"date":"2019-11-20T15:38:31","date_gmt":"2019-11-20T13:38:37","guid":{"rendered":"https:\/\/www.zdravoogrevanje.si\/?post_type=product&#038;p=4790"},"modified":"2021-03-01T17:50:24","modified_gmt":"2021-03-01T15:50:24","slug":"industrijski-infracrveni-panel-ekowerm-s1000w-kopija","status":"publish","type":"product","link":"https:\/\/www.zdravoogrevanje.si\/hr\/izdelek\/industrijski-infracrveni-panel-ekowerm-s1000w-kopija\/","title":{"rendered":"IR TERASNI GRIJA\u010c EKOPRO 2000W"},"content":{"rendered":"<h3 style=\"text-align: center;\">VISOKO U\u010cINKOVITO IR GRIJA\u010cI ZA TERASE KOJE SU U POTPUNOSTI IZRA\u0110ENE U EU<\/h3>\n<p>Na tr\u017ei\u0161tu postoji nekoliko vrsta grija\u010da koji emitiraju valove razli\u010ditih duljina: kratkovalni grija\u010di, srednjevalni grija\u010di i dugovalni grija\u010di (infracrvene grija\u0107e plo\u010de). Razlika je u tome \u0161to toplina, unato\u010d istoj snazi \u200b\u200bdjelovanja koju emitiraju, ima druga\u010diju sposobnost prodiranja u prostor i razli\u010dito se raspr\u0161uje. Od njih su samo IR grija\u010di koje nudimo u na\u0161em prodajnom programu sposobni emitirati ciljanu toplinu koja samo zagrijava podru\u010dje u njegovom podru\u010dju rada. Kao rezultat toga, mogu se koristiti za zagrijavanje djelomi\u010dno ili \u010dak potpuno otvorenih prostora.<\/p>\n<p><img decoding=\"async\" loading=\"lazy\" class=\"aligncenter size-full wp-image-4792\" src=\"https:\/\/www.zdravoogrevanje.si\/wp-content\/uploads\/2019\/11\/EKOPRO.jpg\" alt=\"\" width=\"1213\" height=\"305\" srcset=\"https:\/\/www.zdravoogrevanje.si\/wp-content\/uploads\/2019\/11\/EKOPRO.jpg 1213w, https:\/\/www.zdravoogrevanje.si\/wp-content\/uploads\/2019\/11\/EKOPRO-510x128.jpg 510w, https:\/\/www.zdravoogrevanje.si\/wp-content\/uploads\/2019\/11\/EKOPRO-300x75.jpg 300w, https:\/\/www.zdravoogrevanje.si\/wp-content\/uploads\/2019\/11\/EKOPRO-768x193.jpg 768w, https:\/\/www.zdravoogrevanje.si\/wp-content\/uploads\/2019\/11\/EKOPRO-500x126.jpg 500w\" sizes=\"(max-width: 1213px) 100vw, 1213px\" \/><\/p>\n<h3 style=\"text-align: center;\">PREDNOSTI KORI\u0160TENJA IR EKOPRO GRIJALA<\/h3>\n<p>TERASE, RADIONICE, SKLADI\u0160TA, HOTELI .. Zbog kratkovalnih IC zraka mogu\u0107e je to\u010dno zagrijati odre\u0111ene zone ili radna mjesta. IC grija\u010di pru\u017eaju trenutno zagrijavanje u toplinskoj zoni bez potrebe za grijanjem cijele zgrade, \u0161to osigurava zna\u010dajne u\u0161tede. IR grija\u010di EKOPRO se koriste tamo gdje mo\u017eemo posti\u0107i najve\u0107e u\u0161tede: u SKLADI\u0160TIMA, INDUSTRIJSKIM RADIONICAMA, RADIONICAMA, SPORTSKIM DVORANAMA, CRKVAMA I U STO\u010cARI.<\/p>\n<p>&nbsp;<\/p>\n<p><img decoding=\"async\" loading=\"lazy\" class=\"aligncenter size-full wp-image-4807\" src=\"https:\/\/www.zdravoogrevanje.si\/wp-content\/uploads\/2019\/11\/EKOPRO-3.jpg\" alt=\"\" width=\"1204\" height=\"413\" srcset=\"https:\/\/www.zdravoogrevanje.si\/wp-content\/uploads\/2019\/11\/EKOPRO-3.jpg 1204w, https:\/\/www.zdravoogrevanje.si\/wp-content\/uploads\/2019\/11\/EKOPRO-3-510x175.jpg 510w, https:\/\/www.zdravoogrevanje.si\/wp-content\/uploads\/2019\/11\/EKOPRO-3-300x103.jpg 300w, https:\/\/www.zdravoogrevanje.si\/wp-content\/uploads\/2019\/11\/EKOPRO-3-768x263.jpg 768w, https:\/\/www.zdravoogrevanje.si\/wp-content\/uploads\/2019\/11\/EKOPRO-3-500x172.jpg 500w\" sizes=\"(max-width: 1204px) 100vw, 1204px\" \/><\/p>\n<p>&nbsp;<\/p>\n<h3 style=\"text-align: center;\">BRZO SU\u0160ENJE I HLA\u0110ENJE LAKA<\/h3>\n<p>Kratkovalne grede najprikladnije su za upotrebu su\u0161enja i zagrijavanja, koje karakterizira optimalni koeficijent prodiranja u materijal. IR zrake koje prodiru u dubinu ne bi zagrijavale nepotreban zrak u okolini.<\/p>\n<p><img decoding=\"async\" loading=\"lazy\" class=\"aligncenter size-full wp-image-4795\" src=\"https:\/\/www.zdravoogrevanje.si\/wp-content\/uploads\/2019\/11\/EKOPRO-1.jpg\" alt=\"\" width=\"1125\" height=\"516\" srcset=\"https:\/\/www.zdravoogrevanje.si\/wp-content\/uploads\/2019\/11\/EKOPRO-1.jpg 1125w, https:\/\/www.zdravoogrevanje.si\/wp-content\/uploads\/2019\/11\/EKOPRO-1-510x234.jpg 510w, https:\/\/www.zdravoogrevanje.si\/wp-content\/uploads\/2019\/11\/EKOPRO-1-300x138.jpg 300w, https:\/\/www.zdravoogrevanje.si\/wp-content\/uploads\/2019\/11\/EKOPRO-1-768x352.jpg 768w, https:\/\/www.zdravoogrevanje.si\/wp-content\/uploads\/2019\/11\/EKOPRO-1-500x229.jpg 500w\" sizes=\"(max-width: 1125px) 100vw, 1125px\" \/><\/p>\n<h3><\/h3>\n<h3 style=\"text-align: center;\">PREDNOSTI KORI\u0160TENJA IR EKOPRO GRIJALA<\/h3>\n<ul>\n<li>u\u0161teda energije jer ne zagrijava nepotreban zrak<\/li>\n<li>mogu\u0107nost grijanja velike povr\u0161ine do 12 m2 jednim grija\u010dem<\/li>\n<li>sposobnost stvaranja toplinske zone, odnosno usmjeravanja toplinskog vala na odre\u0111enu povr\u0161inu<\/li>\n<li>izazvati WELLNES-ov u\u010dinak koji blagotvorno djeluje na ljude<\/li>\n<li>bez podizanja pra\u0161ine i cirkuliraju\u0107eg zraka, \u0161to je izvrsno za alergi\u010dare<\/li>\n<li>Tih rad bez mirisa<\/li>\n<li>Jednostavna instalacija i rukovanje<\/li>\n<li>emitiraju\u0107i ugodno svjetlo<\/li>\n<li>visoka razina u\u010dinkovitosti (do 96% energije pretvara se u toplinu)<\/li>\n<li>grija\u010di su izra\u0111eni od izuzetno u\u010dinkovitih i izdr\u017eljivih cijevi za grijanje GOLD HELEN prekrivenih slojem zlata<\/li>\n<li>dugi vijek trajanja 5000 &#8211; 7000 sati rada niti (grija\u0107eg elementa)<\/li>\n<li>otpornost na sve vremenske uvjete (za\u0161tita IP 56).<\/li>\n<\/ul>\n<h3 style=\"text-align: center;\"><\/h3>\n","protected":false},"excerpt":{"rendered":"<p class=\"product_title entry-title\"><span style=\"font-family: helvetica, arial, sans-serif; font-size: 115%;\">EKOPRO visokotemperaturni radijatorski grija\u010di namijenjeni su prvenstveno grijanju terasa, industrijskih objekata, skladi\u0161ta, radionica, sportskih dvorana, teretana &#8230;<br \/>\n<\/span><span style=\"font-family: helvetica, arial, sans-serif; font-size: 115%;\"><br \/>\nPlo\u010de se mogu ugraditi ispod stropa \u010deli\u010dnim u\u017eetom ili lancem na visini izme\u0111u 3,5 m do 10 m, ovisno o \u010dvrsto\u0107i plo\u010da, ili na zid s pri\u010dvr\u0161\u0107enim nosa\u010dima.<\/span><\/p>\n","protected":false},"featured_media":4792,"comment_status":"open","ping_status":"closed","template":"","meta":[],"product_cat":[119],"product_tag":[],"yoast_head":"<!-- This site is optimized with the Yoast SEO plugin v20.2 - https:\/\/yoast.com\/wordpress\/plugins\/seo\/ -->\n<title>IR TERASNI GRIJA\u010c EKOPRO 2000W<\/title>\n<meta name=\"description\" content=\"Industrijski infracrveni panel EKOWERM S+1000W z 25 letno tradicijo je u cijelosti izra\u0111ena u EU iz naprednih, izbranih materijala. Nizka cijena u visokoj kvaliteti.\" \/>\n<meta name=\"robots\" content=\"index, follow, max-snippet:-1, max-image-preview:large, max-video-preview:-1\" \/>\n<link rel=\"canonical\" href=\"https:\/\/www.zdravoogrevanje.si\/hr\/izdelek\/industrijski-infracrveni-panel-ekowerm-s1000w-kopija\/\" \/>\n<meta property=\"og:locale\" content=\"hr_HR\" \/>\n<meta property=\"og:type\" content=\"article\" \/>\n<meta property=\"og:title\" content=\"IR TERASNI GRIJA\u010c EKOPRO 2000W\" \/>\n<meta property=\"og:description\" content=\"Industrijski infracrveni panel EKOWERM S+1000W z 25 letno tradicijo je u cijelosti izra\u0111ena u EU iz naprednih, izbranih materijala. Nizka cijena u visokoj kvaliteti.\" \/>\n<meta property=\"og:url\" content=\"https:\/\/www.zdravoogrevanje.si\/hr\/izdelek\/industrijski-infracrveni-panel-ekowerm-s1000w-kopija\/\" \/>\n<meta property=\"og:site_name\" content=\"Zdravo ogrevanje | Gatom ogrevalni sistemi\" \/>\n<meta property=\"article:publisher\" content=\"https:\/\/www.facebook.com\/Zdravo-ogrevanje-828717990551148\/\" \/>\n<meta property=\"article:modified_time\" content=\"2021-03-01T15:50:24+00:00\" \/>\n<meta property=\"og:image\" content=\"https:\/\/www.zdravoogrevanje.si\/wp-content\/uploads\/2019\/11\/EKOPRO.jpg\" \/>\n\t<meta property=\"og:image:width\" content=\"1213\" \/>\n\t<meta property=\"og:image:height\" content=\"305\" \/>\n\t<meta property=\"og:image:type\" content=\"image\/jpeg\" \/>\n<meta name=\"twitter:card\" content=\"summary_large_image\" \/>\n<meta name=\"twitter:label1\" content=\"Procijenjeno vrijeme \u010ditanja\" \/>\n\t<meta name=\"twitter:data1\" content=\"2 minute\" \/>\n<script type=\"application\/ld+json\" class=\"yoast-schema-graph\">{\"@context\":\"https:\/\/schema.org\",\"@graph\":[{\"@type\":\"WebPage\",\"@id\":\"https:\/\/www.zdravoogrevanje.si\/hr\/izdelek\/industrijski-infracrveni-panel-ekowerm-s1000w-kopija\/\",\"url\":\"https:\/\/www.zdravoogrevanje.si\/hr\/izdelek\/industrijski-infracrveni-panel-ekowerm-s1000w-kopija\/\",\"name\":\"IR TERASNI GRIJA\u010c EKOPRO 2000W\",\"isPartOf\":{\"@id\":\"https:\/\/www.zdravoogrevanje.si\/#website\"},\"datePublished\":\"2019-11-20T13:38:37+00:00\",\"dateModified\":\"2021-03-01T15:50:24+00:00\",\"description\":\"Industrijski infracrveni panel EKOWERM S+1000W z 25 letno tradicijo je u cijelosti izra\u0111ena u EU iz naprednih, izbranih materijala. Nizka cijena u visokoj kvaliteti.\",\"breadcrumb\":{\"@id\":\"https:\/\/www.zdravoogrevanje.si\/hr\/izdelek\/industrijski-infracrveni-panel-ekowerm-s1000w-kopija\/#breadcrumb\"},\"inLanguage\":\"hr\",\"potentialAction\":[{\"@type\":\"ReadAction\",\"target\":[\"https:\/\/www.zdravoogrevanje.si\/hr\/izdelek\/industrijski-infracrveni-panel-ekowerm-s1000w-kopija\/\"]}]},{\"@type\":\"BreadcrumbList\",\"@id\":\"https:\/\/www.zdravoogrevanje.si\/hr\/izdelek\/industrijski-infracrveni-panel-ekowerm-s1000w-kopija\/#breadcrumb\",\"itemListElement\":[{\"@type\":\"ListItem\",\"position\":1,\"name\":\"Home\",\"item\":\"https:\/\/www.zdravoogrevanje.si\/hr\/\"},{\"@type\":\"ListItem\",\"position\":2,\"name\":\"Trgovina\",\"item\":\"https:\/\/www.zdravoogrevanje.si\/trgovina\/\"},{\"@type\":\"ListItem\",\"position\":3,\"name\":\"IR TERASNI GRIJA\u010c EKOPRO 2000W\"}]},{\"@type\":\"WebSite\",\"@id\":\"https:\/\/www.zdravoogrevanje.si\/#website\",\"url\":\"https:\/\/www.zdravoogrevanje.si\/\",\"name\":\"Zdravo ogrevanje | Gatom ogrevalni sistemi\",\"description\":\"Privar\u010dujte pri ogrevanju.\",\"publisher\":{\"@id\":\"https:\/\/www.zdravoogrevanje.si\/#organization\"},\"potentialAction\":[{\"@type\":\"SearchAction\",\"target\":{\"@type\":\"EntryPoint\",\"urlTemplate\":\"https:\/\/www.zdravoogrevanje.si\/?s={search_term_string}\"},\"query-input\":\"required name=search_term_string\"}],\"inLanguage\":\"hr\"},{\"@type\":\"Organization\",\"@id\":\"https:\/\/www.zdravoogrevanje.si\/#organization\",\"name\":\"Gatom ogrevalni sistemi\",\"url\":\"https:\/\/www.zdravoogrevanje.si\/\",\"logo\":{\"@type\":\"ImageObject\",\"inLanguage\":\"hr\",\"@id\":\"https:\/\/www.zdravoogrevanje.si\/#\/schema\/logo\/image\/\",\"url\":\"https:\/\/www.zdravoogrevanje.si\/wp-content\/uploads\/2017\/10\/logo1.png\",\"contentUrl\":\"https:\/\/www.zdravoogrevanje.si\/wp-content\/uploads\/2017\/10\/logo1.png\",\"width\":342,\"height\":100,\"caption\":\"Gatom ogrevalni sistemi\"},\"image\":{\"@id\":\"https:\/\/www.zdravoogrevanje.si\/#\/schema\/logo\/image\/\"},\"sameAs\":[\"https:\/\/www.facebook.com\/Zdravo-ogrevanje-828717990551148\/\"]}]}<\/script>\n<!-- \/ Yoast SEO plugin. -->","yoast_head_json":{"title":"IR TERASNI GRIJA\u010c EKOPRO 2000W","description":"Industrijski infracrveni panel EKOWERM S+1000W z 25 letno tradicijo je u cijelosti izra\u0111ena u EU iz naprednih, izbranih materijala. Nizka cijena u visokoj kvaliteti.","robots":{"index":"index","follow":"follow","max-snippet":"max-snippet:-1","max-image-preview":"max-image-preview:large","max-video-preview":"max-video-preview:-1"},"canonical":"https:\/\/www.zdravoogrevanje.si\/hr\/izdelek\/industrijski-infracrveni-panel-ekowerm-s1000w-kopija\/","og_locale":"hr_HR","og_type":"article","og_title":"IR TERASNI GRIJA\u010c EKOPRO 2000W","og_description":"Industrijski infracrveni panel EKOWERM S+1000W z 25 letno tradicijo je u cijelosti izra\u0111ena u EU iz naprednih, izbranih materijala. Nizka cijena u visokoj kvaliteti.","og_url":"https:\/\/www.zdravoogrevanje.si\/hr\/izdelek\/industrijski-infracrveni-panel-ekowerm-s1000w-kopija\/","og_site_name":"Zdravo ogrevanje | Gatom ogrevalni sistemi","article_publisher":"https:\/\/www.facebook.com\/Zdravo-ogrevanje-828717990551148\/","article_modified_time":"2021-03-01T15:50:24+00:00","og_image":[{"width":1213,"height":305,"url":"https:\/\/www.zdravoogrevanje.si\/wp-content\/uploads\/2019\/11\/EKOPRO.jpg","type":"image\/jpeg"}],"twitter_card":"summary_large_image","twitter_misc":{"Procijenjeno vrijeme \u010ditanja":"2 minute"},"schema":{"@context":"https:\/\/schema.org","@graph":[{"@type":"WebPage","@id":"https:\/\/www.zdravoogrevanje.si\/hr\/izdelek\/industrijski-infracrveni-panel-ekowerm-s1000w-kopija\/","url":"https:\/\/www.zdravoogrevanje.si\/hr\/izdelek\/industrijski-infracrveni-panel-ekowerm-s1000w-kopija\/","name":"IR TERASNI GRIJA\u010c EKOPRO 2000W","isPartOf":{"@id":"https:\/\/www.zdravoogrevanje.si\/#website"},"datePublished":"2019-11-20T13:38:37+00:00","dateModified":"2021-03-01T15:50:24+00:00","description":"Industrijski infracrveni panel EKOWERM S+1000W z 25 letno tradicijo je u cijelosti izra\u0111ena u EU iz naprednih, izbranih materijala. Nizka cijena u visokoj kvaliteti.","breadcrumb":{"@id":"https:\/\/www.zdravoogrevanje.si\/hr\/izdelek\/industrijski-infracrveni-panel-ekowerm-s1000w-kopija\/#breadcrumb"},"inLanguage":"hr","potentialAction":[{"@type":"ReadAction","target":["https:\/\/www.zdravoogrevanje.si\/hr\/izdelek\/industrijski-infracrveni-panel-ekowerm-s1000w-kopija\/"]}]},{"@type":"BreadcrumbList","@id":"https:\/\/www.zdravoogrevanje.si\/hr\/izdelek\/industrijski-infracrveni-panel-ekowerm-s1000w-kopija\/#breadcrumb","itemListElement":[{"@type":"ListItem","position":1,"name":"Home","item":"https:\/\/www.zdravoogrevanje.si\/hr\/"},{"@type":"ListItem","position":2,"name":"Trgovina","item":"https:\/\/www.zdravoogrevanje.si\/trgovina\/"},{"@type":"ListItem","position":3,"name":"IR TERASNI GRIJA\u010c EKOPRO 2000W"}]},{"@type":"WebSite","@id":"https:\/\/www.zdravoogrevanje.si\/#website","url":"https:\/\/www.zdravoogrevanje.si\/","name":"Zdravo ogrevanje | Gatom ogrevalni sistemi","description":"Privar\u010dujte pri ogrevanju.","publisher":{"@id":"https:\/\/www.zdravoogrevanje.si\/#organization"},"potentialAction":[{"@type":"SearchAction","target":{"@type":"EntryPoint","urlTemplate":"https:\/\/www.zdravoogrevanje.si\/?s={search_term_string}"},"query-input":"required name=search_term_string"}],"inLanguage":"hr"},{"@type":"Organization","@id":"https:\/\/www.zdravoogrevanje.si\/#organization","name":"Gatom ogrevalni sistemi","url":"https:\/\/www.zdravoogrevanje.si\/","logo":{"@type":"ImageObject","inLanguage":"hr","@id":"https:\/\/www.zdravoogrevanje.si\/#\/schema\/logo\/image\/","url":"https:\/\/www.zdravoogrevanje.si\/wp-content\/uploads\/2017\/10\/logo1.png","contentUrl":"https:\/\/www.zdravoogrevanje.si\/wp-content\/uploads\/2017\/10\/logo1.png","width":342,"height":100,"caption":"Gatom ogrevalni sistemi"},"image":{"@id":"https:\/\/www.zdravoogrevanje.si\/#\/schema\/logo\/image\/"},"sameAs":["https:\/\/www.facebook.com\/Zdravo-ogrevanje-828717990551148\/"]}]}},"_links":{"self":[{"href":"https:\/\/www.zdravoogrevanje.si\/hr\/wp-json\/wp\/v2\/product\/4790"}],"collection":[{"href":"https:\/\/www.zdravoogrevanje.si\/hr\/wp-json\/wp\/v2\/product"}],"about":[{"href":"https:\/\/www.zdravoogrevanje.si\/hr\/wp-json\/wp\/v2\/types\/product"}],"replies":[{"embeddable":true,"href":"https:\/\/www.zdravoogrevanje.si\/hr\/wp-json\/wp\/v2\/comments?post=4790"}],"version-history":[{"count":3,"href":"https:\/\/www.zdravoogrevanje.si\/hr\/wp-json\/wp\/v2\/product\/4790\/revisions"}],"predecessor-version":[{"id":8032,"href":"https:\/\/www.zdravoogrevanje.si\/hr\/wp-json\/wp\/v2\/product\/4790\/revisions\/8032"}],"wp:featuredmedia":[{"embeddable":true,"href":"https:\/\/www.zdravoogrevanje.si\/hr\/wp-json\/wp\/v2\/media\/4792"}],"wp:attachment":[{"href":"https:\/\/www.zdravoogrevanje.si\/hr\/wp-json\/wp\/v2\/media?parent=4790"}],"wp:term":[{"taxonomy":"product_cat","embeddable":true,"href":"https:\/\/www.zdravoogrevanje.si\/hr\/wp-json\/wp\/v2\/product_cat?post=4790"},{"taxonomy":"product_tag","embeddable":true,"href":"https:\/\/www.zdravoogrevanje.si\/hr\/wp-json\/wp\/v2\/product_tag?post=4790"}],"curies":[{"name":"wp","href":"https:\/\/api.w.org\/{rel}","templated":true}]}}