{"id":7896,"date":"2021-02-27T22:14:30","date_gmt":"2021-02-27T20:14:30","guid":{"rendered":"https:\/\/www.zdravoogrevanje.si\/?post_type=product&#038;p=7896"},"modified":"2024-07-11T20:59:19","modified_gmt":"2024-07-11T18:59:19","slug":"univerzalni-termostat-smart-wifi","status":"publish","type":"product","link":"https:\/\/www.zdravoogrevanje.si\/hr\/izdelek\/univerzalni-termostat-smart-wifi\/","title":{"rendered":"TERMOSTAT SMART WIFI"},"content":{"rendered":"<p>TERMOSTAT SMART WIFI, vi\u0161enamjenski je programabilni termostat s jednostavnim rukovanjem i modernim izgledom koji savr\u0161eno odgovara va\u0161im potrebama. Termostat je izra\u0111en od vatrootpornog materijala i vrlo je \u0161irok: za ku\u0107nu upotrebu, industriju, poslovne prostore, bolnice, hotele, hotele<\/p>\n<p>Termostat s naprednom tehnologijom ima ugra\u0111eno mikrora\u010dunalo koje osigurava visoku u\u010dinkovitost i naprednu funkciju u\u0161tede energije.<\/p>\n<p>Paket sadr\u017ei:<\/p>\n<p>1 x termostat<br \/>\n1 x senzor podnog grijanja<br \/>\n2 x vijka za pri\u010dvr\u0161\u0107ivanje<br \/>\n2 x upute za uporabu<\/p>\n<p>&nbsp;<\/p>\n","protected":false},"excerpt":{"rendered":"<p><span style=\"font-size: 115%;\">Digitalni termostat namijenjen je upravljanju svim vrstama elektri\u010dnih sustava grijanja. Termostat ima ugra\u0111enu naprednu funkciju za izra\u010dunavanje temperature u sredi\u0161tu prostorije. Termostat ima mogu\u0107nost postavljanja mnogih programa za najzahtjevnije korisnike.<\/strong>.\u00a0<\/span><br \/>\n<span style=\"font-size: 115%;\">Termostat omogu\u0107uje upravljanje grijanjem bilo gdje i bilo kada. Termostat ima ugra\u0111eni web poslu\u017eitelj, \u0161to zna\u010di da termostatu mo\u017eete pristupiti putem bilo kojeg ra\u010dunala spojenog na Internet, tako\u0111er uz pomo\u0107 pametnih telefona i tableta. Gdje god se nalazili i imate pristup World Wide Webu, mo\u017eete provjeriti trenutno stanje u svom domu i prema potrebi promijeniti postavke termostata.<\/span><\/p>\n","protected":false},"featured_media":8694,"comment_status":"open","ping_status":"closed","template":"","meta":[],"product_cat":[119],"product_tag":[],"yoast_head":"<!-- This site is optimized with the Yoast SEO plugin v20.2 - https:\/\/yoast.com\/wordpress\/plugins\/seo\/ -->\n<title>IR GRELNI PANELI IC-CLASSIC - NAJBOLJ PRODAJAN MODEL<\/title>\n<meta name=\"description\" content=\"Najbolj prodajani modeil pri nas IR paneli IC-CLASSIC so v ALU izvedbi in med najla\u017ejimi na trgu, kar je pomembno pri monta\u017ei na strop.\" \/>\n<meta name=\"robots\" content=\"index, follow, max-snippet:-1, max-image-preview:large, max-video-preview:-1\" \/>\n<link rel=\"canonical\" href=\"https:\/\/www.zdravoogrevanje.si\/hr\/izdelek\/univerzalni-termostat-smart-wifi\/\" \/>\n<meta property=\"og:locale\" content=\"hr_HR\" \/>\n<meta property=\"og:type\" content=\"article\" \/>\n<meta property=\"og:title\" content=\"IR GRELNI PANELI IC-CLASSIC - NAJBOLJ PRODAJAN MODEL\" \/>\n<meta property=\"og:description\" content=\"Najbolj prodajani modeil pri nas IR paneli IC-CLASSIC so v ALU izvedbi in med najla\u017ejimi na trgu, kar je pomembno pri monta\u017ei na strop.\" \/>\n<meta property=\"og:url\" content=\"https:\/\/www.zdravoogrevanje.si\/hr\/izdelek\/univerzalni-termostat-smart-wifi\/\" \/>\n<meta property=\"og:site_name\" content=\"Zdravo ogrevanje | Gatom ogrevalni sistemi\" \/>\n<meta property=\"article:publisher\" content=\"https:\/\/www.facebook.com\/Zdravo-ogrevanje-828717990551148\/\" \/>\n<meta property=\"article:modified_time\" content=\"2024-07-11T18:59:19+00:00\" \/>\n<meta property=\"og:image\" content=\"https:\/\/www.zdravoogrevanje.si\/wp-content\/uploads\/2021\/02\/termostat-smart-wifi.jpg\" \/>\n\t<meta property=\"og:image:width\" content=\"750\" \/>\n\t<meta property=\"og:image:height\" content=\"750\" \/>\n\t<meta property=\"og:image:type\" content=\"image\/jpeg\" \/>\n<meta name=\"twitter:card\" content=\"summary_large_image\" \/>\n<script type=\"application\/ld+json\" class=\"yoast-schema-graph\">{\"@context\":\"https:\/\/schema.org\",\"@graph\":[{\"@type\":\"WebPage\",\"@id\":\"https:\/\/www.zdravoogrevanje.si\/hr\/izdelek\/univerzalni-termostat-smart-wifi\/\",\"url\":\"https:\/\/www.zdravoogrevanje.si\/hr\/izdelek\/univerzalni-termostat-smart-wifi\/\",\"name\":\"IR GRELNI PANELI IC-CLASSIC - NAJBOLJ PRODAJAN MODEL\",\"isPartOf\":{\"@id\":\"https:\/\/www.zdravoogrevanje.si\/#website\"},\"datePublished\":\"2021-02-27T20:14:30+00:00\",\"dateModified\":\"2024-07-11T18:59:19+00:00\",\"description\":\"Najbolj prodajani modeil pri nas IR paneli IC-CLASSIC so v ALU izvedbi in med najla\u017ejimi na trgu, kar je pomembno pri monta\u017ei na strop.\",\"breadcrumb\":{\"@id\":\"https:\/\/www.zdravoogrevanje.si\/hr\/izdelek\/univerzalni-termostat-smart-wifi\/#breadcrumb\"},\"inLanguage\":\"hr\",\"potentialAction\":[{\"@type\":\"ReadAction\",\"target\":[\"https:\/\/www.zdravoogrevanje.si\/hr\/izdelek\/univerzalni-termostat-smart-wifi\/\"]}]},{\"@type\":\"BreadcrumbList\",\"@id\":\"https:\/\/www.zdravoogrevanje.si\/hr\/izdelek\/univerzalni-termostat-smart-wifi\/#breadcrumb\",\"itemListElement\":[{\"@type\":\"ListItem\",\"position\":1,\"name\":\"Home\",\"item\":\"https:\/\/www.zdravoogrevanje.si\/hr\/\"},{\"@type\":\"ListItem\",\"position\":2,\"name\":\"Trgovina\",\"item\":\"https:\/\/www.zdravoogrevanje.si\/trgovina\/\"},{\"@type\":\"ListItem\",\"position\":3,\"name\":\"TERMOSTAT SMART WIFI\"}]},{\"@type\":\"WebSite\",\"@id\":\"https:\/\/www.zdravoogrevanje.si\/#website\",\"url\":\"https:\/\/www.zdravoogrevanje.si\/\",\"name\":\"Zdravo ogrevanje | Gatom ogrevalni sistemi\",\"description\":\"Privar\u010dujte pri ogrevanju.\",\"publisher\":{\"@id\":\"https:\/\/www.zdravoogrevanje.si\/#organization\"},\"potentialAction\":[{\"@type\":\"SearchAction\",\"target\":{\"@type\":\"EntryPoint\",\"urlTemplate\":\"https:\/\/www.zdravoogrevanje.si\/?s={search_term_string}\"},\"query-input\":\"required name=search_term_string\"}],\"inLanguage\":\"hr\"},{\"@type\":\"Organization\",\"@id\":\"https:\/\/www.zdravoogrevanje.si\/#organization\",\"name\":\"Gatom ogrevalni sistemi\",\"url\":\"https:\/\/www.zdravoogrevanje.si\/\",\"logo\":{\"@type\":\"ImageObject\",\"inLanguage\":\"hr\",\"@id\":\"https:\/\/www.zdravoogrevanje.si\/#\/schema\/logo\/image\/\",\"url\":\"https:\/\/www.zdravoogrevanje.si\/wp-content\/uploads\/2017\/10\/logo1.png\",\"contentUrl\":\"https:\/\/www.zdravoogrevanje.si\/wp-content\/uploads\/2017\/10\/logo1.png\",\"width\":342,\"height\":100,\"caption\":\"Gatom ogrevalni sistemi\"},\"image\":{\"@id\":\"https:\/\/www.zdravoogrevanje.si\/#\/schema\/logo\/image\/\"},\"sameAs\":[\"https:\/\/www.facebook.com\/Zdravo-ogrevanje-828717990551148\/\"]}]}<\/script>\n<!-- \/ Yoast SEO plugin. -->","yoast_head_json":{"title":"IR GRELNI PANELI IC-CLASSIC - NAJBOLJ PRODAJAN MODEL","description":"Najbolj prodajani modeil pri nas IR paneli IC-CLASSIC so v ALU izvedbi in med najla\u017ejimi na trgu, kar je pomembno pri monta\u017ei na strop.","robots":{"index":"index","follow":"follow","max-snippet":"max-snippet:-1","max-image-preview":"max-image-preview:large","max-video-preview":"max-video-preview:-1"},"canonical":"https:\/\/www.zdravoogrevanje.si\/hr\/izdelek\/univerzalni-termostat-smart-wifi\/","og_locale":"hr_HR","og_type":"article","og_title":"IR GRELNI PANELI IC-CLASSIC - NAJBOLJ PRODAJAN MODEL","og_description":"Najbolj prodajani modeil pri nas IR paneli IC-CLASSIC so v ALU izvedbi in med najla\u017ejimi na trgu, kar je pomembno pri monta\u017ei na strop.","og_url":"https:\/\/www.zdravoogrevanje.si\/hr\/izdelek\/univerzalni-termostat-smart-wifi\/","og_site_name":"Zdravo ogrevanje | Gatom ogrevalni sistemi","article_publisher":"https:\/\/www.facebook.com\/Zdravo-ogrevanje-828717990551148\/","article_modified_time":"2024-07-11T18:59:19+00:00","og_image":[{"width":750,"height":750,"url":"https:\/\/www.zdravoogrevanje.si\/wp-content\/uploads\/2021\/02\/termostat-smart-wifi.jpg","type":"image\/jpeg"}],"twitter_card":"summary_large_image","schema":{"@context":"https:\/\/schema.org","@graph":[{"@type":"WebPage","@id":"https:\/\/www.zdravoogrevanje.si\/hr\/izdelek\/univerzalni-termostat-smart-wifi\/","url":"https:\/\/www.zdravoogrevanje.si\/hr\/izdelek\/univerzalni-termostat-smart-wifi\/","name":"IR GRELNI PANELI IC-CLASSIC - NAJBOLJ PRODAJAN MODEL","isPartOf":{"@id":"https:\/\/www.zdravoogrevanje.si\/#website"},"datePublished":"2021-02-27T20:14:30+00:00","dateModified":"2024-07-11T18:59:19+00:00","description":"Najbolj prodajani modeil pri nas IR paneli IC-CLASSIC so v ALU izvedbi in med najla\u017ejimi na trgu, kar je pomembno pri monta\u017ei na strop.","breadcrumb":{"@id":"https:\/\/www.zdravoogrevanje.si\/hr\/izdelek\/univerzalni-termostat-smart-wifi\/#breadcrumb"},"inLanguage":"hr","potentialAction":[{"@type":"ReadAction","target":["https:\/\/www.zdravoogrevanje.si\/hr\/izdelek\/univerzalni-termostat-smart-wifi\/"]}]},{"@type":"BreadcrumbList","@id":"https:\/\/www.zdravoogrevanje.si\/hr\/izdelek\/univerzalni-termostat-smart-wifi\/#breadcrumb","itemListElement":[{"@type":"ListItem","position":1,"name":"Home","item":"https:\/\/www.zdravoogrevanje.si\/hr\/"},{"@type":"ListItem","position":2,"name":"Trgovina","item":"https:\/\/www.zdravoogrevanje.si\/trgovina\/"},{"@type":"ListItem","position":3,"name":"TERMOSTAT SMART WIFI"}]},{"@type":"WebSite","@id":"https:\/\/www.zdravoogrevanje.si\/#website","url":"https:\/\/www.zdravoogrevanje.si\/","name":"Zdravo ogrevanje | Gatom ogrevalni sistemi","description":"Privar\u010dujte pri ogrevanju.","publisher":{"@id":"https:\/\/www.zdravoogrevanje.si\/#organization"},"potentialAction":[{"@type":"SearchAction","target":{"@type":"EntryPoint","urlTemplate":"https:\/\/www.zdravoogrevanje.si\/?s={search_term_string}"},"query-input":"required name=search_term_string"}],"inLanguage":"hr"},{"@type":"Organization","@id":"https:\/\/www.zdravoogrevanje.si\/#organization","name":"Gatom ogrevalni sistemi","url":"https:\/\/www.zdravoogrevanje.si\/","logo":{"@type":"ImageObject","inLanguage":"hr","@id":"https:\/\/www.zdravoogrevanje.si\/#\/schema\/logo\/image\/","url":"https:\/\/www.zdravoogrevanje.si\/wp-content\/uploads\/2017\/10\/logo1.png","contentUrl":"https:\/\/www.zdravoogrevanje.si\/wp-content\/uploads\/2017\/10\/logo1.png","width":342,"height":100,"caption":"Gatom ogrevalni sistemi"},"image":{"@id":"https:\/\/www.zdravoogrevanje.si\/#\/schema\/logo\/image\/"},"sameAs":["https:\/\/www.facebook.com\/Zdravo-ogrevanje-828717990551148\/"]}]}},"_links":{"self":[{"href":"https:\/\/www.zdravoogrevanje.si\/hr\/wp-json\/wp\/v2\/product\/7896"}],"collection":[{"href":"https:\/\/www.zdravoogrevanje.si\/hr\/wp-json\/wp\/v2\/product"}],"about":[{"href":"https:\/\/www.zdravoogrevanje.si\/hr\/wp-json\/wp\/v2\/types\/product"}],"replies":[{"embeddable":true,"href":"https:\/\/www.zdravoogrevanje.si\/hr\/wp-json\/wp\/v2\/comments?post=7896"}],"version-history":[{"count":3,"href":"https:\/\/www.zdravoogrevanje.si\/hr\/wp-json\/wp\/v2\/product\/7896\/revisions"}],"predecessor-version":[{"id":8071,"href":"https:\/\/www.zdravoogrevanje.si\/hr\/wp-json\/wp\/v2\/product\/7896\/revisions\/8071"}],"wp:featuredmedia":[{"embeddable":true,"href":"https:\/\/www.zdravoogrevanje.si\/hr\/wp-json\/wp\/v2\/media\/8694"}],"wp:attachment":[{"href":"https:\/\/www.zdravoogrevanje.si\/hr\/wp-json\/wp\/v2\/media?parent=7896"}],"wp:term":[{"taxonomy":"product_cat","embeddable":true,"href":"https:\/\/www.zdravoogrevanje.si\/hr\/wp-json\/wp\/v2\/product_cat?post=7896"},{"taxonomy":"product_tag","embeddable":true,"href":"https:\/\/www.zdravoogrevanje.si\/hr\/wp-json\/wp\/v2\/product_tag?post=7896"}],"curies":[{"name":"wp","href":"https:\/\/api.w.org\/{rel}","templated":true}]}}