{"id":7945,"date":"2021-02-28T14:28:49","date_gmt":"2021-02-28T12:28:49","guid":{"rendered":"https:\/\/www.zdravoogrevanje.si\/izdelek\/light-ir-plosca-550-w\/"},"modified":"2022-05-16T17:05:28","modified_gmt":"2022-05-16T15:05:28","slug":"light-ir-plosca-550-w","status":"publish","type":"product","link":"https:\/\/www.zdravoogrevanje.si\/hr\/izdelek\/light-ir-plosca-550-w\/","title":{"rendered":"LIGHT IC PLO\u0160\u010cA 550 W"},"content":{"rendered":"<div id=\"pg-411-0\" class=\"panel-grid panel-no-style\" data-style=\"{&quot;lsow_dark_bg&quot;:&quot;&quot;,&quot;cell_alignment&quot;:&quot;flex-start&quot;}\">\n<div id=\"pgc-411-0-0\" class=\"panel-grid-cell\" data-weight=\"1\" data-wp-editing=\"1\">\n<p>IC panel LIGHT je najnapredniji IC panel na tr\u017ei\u0161tu s naprednim grija\u0107im elementom i pru\u017ea trenutni u\u010dinak grijanja. Za samo nekoliko minuta zagrije sobu. LIGHT IC panel izra\u0111en je od aluminija i me\u0111u je najlak\u0161ima na tr\u017ei\u0161tu, tako da je sa sigurnosnog stajali\u0161ta pametna odluka o kupnji. Ekolo\u0161ki je prihvatljiv i energetski u\u010dinkovit &#8211; infracrvena grija\u0107a plo\u010da zagrijava se poput sun\u010deve svjetlosti, bez emisije CO2 i \u0161tedi do 65% tro\u0161kova grijanja u usporedbi s ostalim sustavima grijanja. Ima ugra\u0111enu granicu grijanja za povr\u0161inu grijanja izme\u0111u 75 \u00b0 C i 95 \u00b0 C i udovoljava sigurnosnim standardima (CE, TUV, ROHS, GS).<\/p>\n<p class=\"so-panel widget widget_sow-headline panel-first-child panel-last-child\" data-index=\"0\" data-style=\"{&quot;background_image_attachment&quot;:false,&quot;background_display&quot;:&quot;tile&quot;}\"><span style=\"font-size: 140%; color: #282828;\">IC PLO\u0160\u010cE LIGHT I 3 GLAVNE PREDNOSTI OVIH MODELA<\/span><\/p>\n<p style=\"font-size: 14.4px;\"><span style=\"font-size: 100%;\"><img decoding=\"async\" loading=\"lazy\" class=\"wp-image-5058 alignleft\" src=\"https:\/\/www.zdravoogrevanje.si\/wp-content\/uploads\/2020\/04\/icons8-facebook-like-5.png\" alt=\"\" width=\"20\" height=\"20\" \/><\/span><\/p>\n<p>Glavna prednost modela LIGHT je definitivno te\u017eina panela, jer su to paneli koji su me\u0111u najlak\u0161ima na tr\u017ei\u0161tu, \u0161to je vrlo va\u017eno sa stajali\u0161ta sigurnosti i ugradnje.<\/p>\n<p style=\"font-size: 14.4px;\"><span style=\"font-size: 100%;\"><img decoding=\"async\" loading=\"lazy\" class=\"wp-image-5058 alignleft\" src=\"https:\/\/www.zdravoogrevanje.si\/wp-content\/uploads\/2020\/04\/icons8-facebook-like-5.png\" alt=\"\" width=\"20\" height=\"20\" \/><\/span><\/p>\n<p>Najnapredniji inovativni grija\u0107i element s tehnologijom kristalnog ugljika, \u0161to zna\u010di da omogu\u0107uje trenutni u\u010dinak grijanja uz malu potro\u0161nju energije.<\/p>\n<p style=\"font-size: 14.4px;\"><span style=\"font-size: 100%;\"><img decoding=\"async\" loading=\"lazy\" class=\"wp-image-5058 alignleft\" src=\"https:\/\/www.zdravoogrevanje.si\/wp-content\/uploads\/2020\/04\/icons8-facebook-like-5.png\" alt=\"\" width=\"20\" height=\"20\" \/><\/span><\/p>\n<p>Vrlo dug \u017eivotni vijek, procjenjuje se na 30 godina ili 100 000 sati.<\/p>\n<\/div>\n<\/div>\n<div id=\"pg-411-1\" class=\"panel-grid panel-no-style\" data-style=\"{&quot;lsow_dark_bg&quot;:&quot;&quot;,&quot;cell_alignment&quot;:&quot;flex-start&quot;}\">\n<div id=\"pgc-411-1-1\" class=\"panel-grid-cell\" data-weight=\"0.5\">\n<div id=\"panel-411-1-1-0\" class=\"so-panel widget widget_sow-editor panel-first-child panel-last-child\" data-index=\"2\" data-style=\"{&quot;background_display&quot;:&quot;tile&quot;}\">\n<div class=\"so-widget-sow-editor so-widget-sow-editor-base\">\n<div class=\"siteorigin-widget-tinymce textwidget\">\n<p><span style=\"color: #282828; font-size: 140%;\">MOGU\u0106NOSTI IC PLO\u010cA I SIGURNOST<\/span><\/p>\n<\/div>\n<\/div>\n<\/div>\n<\/div>\n<\/div>\n<div id=\"pg-411-2\" class=\"panel-grid panel-no-style\" data-style=\"{&quot;lsow_dark_bg&quot;:&quot;&quot;,&quot;cell_alignment&quot;:&quot;flex-start&quot;}\">\n<div id=\"pgc-411-2-0\" class=\"panel-grid-cell\" data-weight=\"0.5\">\n<div id=\"panel-411-2-0-0\" class=\"so-panel widget widget_sow-editor panel-first-child panel-last-child\" data-index=\"3\" data-style=\"{&quot;background_image_attachment&quot;:false,&quot;background_display&quot;:&quot;tile&quot;}\">\n<div class=\"so-widget-sow-editor so-widget-sow-editor-base\">\n<div class=\"siteorigin-widget-tinymce textwidget\">\n<p>IC plo\u010da mo\u017ee se koristiti u drvenim ku\u0107ama ili u najvla\u017enijim kupaonicama. Budu\u0107i da su IC paneli tanki, izuzetno lagani i, prije svega, estetski, mo\u017eete ih pri\u010dvrstiti na strop u bilo kojoj sobi kao sliku. Pomo\u0107u njih mo\u017eete samostalno grijati zimi, a u prijelaznim razdobljima, poput jeseni i prolje\u0107a, toplinu dodajete samo u sobu. Prikladni su za sve vrste podloga kao \u0161to su klasi\u010dni zidovi, keramika, drvo, gips plo\u010de, siporex itd.<\/p>\n<p>IC paneli su sigurni za upotrebu jer su stekli sve glavne europske certifikate: TUV GS, CE, RoHS, IP44 i IP56. Sama plo\u010da skriva integrirane temperaturne senzore koji spre\u010davaju mogu\u0107e pregrijavanje. Plo\u010da dolazi s nosa\u010dima koji nakon ugradnje ne dolaze u dodir sa zidom, ali su od njega udaljeni 1 cm.<\/p>\n<\/div>\n<\/div>\n<\/div>\n<\/div>\n<\/div>\n<div id=\"pg-411-4\" class=\"panel-grid panel-no-style\" data-style=\"{&quot;lsow_dark_bg&quot;:&quot;&quot;,&quot;cell_alignment&quot;:&quot;flex-start&quot;}\">\n<div id=\"pgc-411-4-0\" class=\"panel-grid-cell\" data-weight=\"0.5\">\n<div id=\"panel-411-4-0-0\" class=\"so-panel widget widget_sow-editor panel-first-child panel-last-child\" data-index=\"7\" data-style=\"{&quot;background_display&quot;:&quot;tile&quot;}\">\n<div class=\"so-widget-sow-editor so-widget-sow-editor-base\">\n<div class=\"siteorigin-widget-tinymce textwidget\">\n<p><span style=\"color: #282828; font-size: 140%;\">POSTUPAK UGRADNJE IKRETLENIH PLO\u010cA<\/span><\/p>\n<p>Instalacija IC panela ne mo\u017ee biti lak\u0161a. Monta\u017ea se odvija u tri jednostavna koraka, koji slijede u logi\u010dnom slijedu:<\/p>\n<p><span style=\"font-size: 100%;\"><img decoding=\"async\" loading=\"lazy\" class=\"wp-image-5058 alignleft\" src=\"https:\/\/www.zdravoogrevanje.si\/wp-content\/uploads\/2020\/04\/icons8-facebook-like-5.png\" alt=\"\" width=\"20\" height=\"20\" \/><\/span><\/p>\n<p>svaka plo\u010da dolazi s predlo\u0161kom prema kojem mo\u017eete jednostavno izbu\u0161iti 4 rupe u zidu,<\/p>\n<p><span style=\"font-size: 100%;\"><img decoding=\"async\" loading=\"lazy\" class=\"wp-image-5058 alignleft\" src=\"https:\/\/www.zdravoogrevanje.si\/wp-content\/uploads\/2020\/04\/icons8-facebook-like-5.png\" alt=\"\" width=\"20\" height=\"20\" \/>zategnite isporu\u010dene vijke i objesite plo\u010du kao sliku,<br \/>\n<\/span><\/p>\n<p><span style=\"font-size: 100%;\"><img decoding=\"async\" loading=\"lazy\" class=\"wp-image-5058 alignleft\" src=\"https:\/\/www.zdravoogrevanje.si\/wp-content\/uploads\/2020\/04\/icons8-facebook-like-5.png\" alt=\"\" width=\"20\" height=\"20\" \/><\/span><\/p>\n<p>Priklju\u010dite IC plo\u010du u uti\u010dnicu i u\u017eivajte u njoj dok se zagrijavate.<\/p>\n<p><span style=\"font-size: 100%;\">\u00a0<\/span><\/p>\n<\/div>\n<\/div>\n<\/div>\n<\/div>\n<\/div>\n<div id=\"pg-411-5\" class=\"panel-grid panel-no-style\" data-style=\"{&quot;lsow_dark_bg&quot;:&quot;&quot;,&quot;cell_alignment&quot;:&quot;flex-start&quot;}\">\n<div id=\"pgc-411-5-0\" class=\"panel-grid-cell\" data-weight=\"0.5\">\n<div id=\"panel-411-5-0-0\" class=\"so-panel widget widget_sow-editor panel-first-child panel-last-child\" data-index=\"9\" data-style=\"{&quot;background_display&quot;:&quot;tile&quot;}\">\n<div class=\"so-widget-sow-editor so-widget-sow-editor-base\">\n<div class=\"siteorigin-widget-tinymce textwidget\">\n<p><span style=\"font-size: 140%; color: #282828;\">VELIKO RJE\u0160ENJE ZA IZNAJMLJENE STANOVE<\/span><\/p>\n<p>Glavna prednost plo\u010da je u tome \u0161to tijekom instalacije ne morate ometati sam stan, pa vam u ve\u0107ini slu\u010dajeva nije potrebno nikakvo dopu\u0161tenje vlasnika stana. U slu\u010daju preseljenja, me\u0111utim, IC sustav grijanja lako mo\u017eete ponijeti sa sobom.<\/p>\n<\/div>\n<\/div>\n<\/div>\n<\/div>\n<\/div>\n<div id=\"pg-411-9\" class=\"panel-grid panel-no-style\">\n<div id=\"pgc-411-9-0\" class=\"panel-grid-cell\" data-weight=\"1\">\n<div id=\"panel-411-9-0-0\" class=\"so-panel widget widget_sow-editor panel-first-child panel-last-child\" data-index=\"17\" data-style=\"{&quot;background_display&quot;:&quot;tile&quot;}\">\n<div class=\"so-widget-sow-editor so-widget-sow-editor-base\">\n<div class=\"siteorigin-widget-tinymce textwidget\">\n<p>&nbsp;<\/p>\n<\/div>\n<\/div>\n<\/div>\n<\/div>\n<\/div>\n<div id=\"pg-411-10\" class=\"panel-grid panel-has-style\" data-style=\"{&quot;padding&quot;:&quot;0px 0px 25px 0px&quot;,&quot;lsow_dark_bg&quot;:&quot;&quot;,&quot;row_stretch&quot;:&quot;full&quot;,&quot;cell_alignment&quot;:&quot;flex-start&quot;}\">\n<div class=\"siteorigin-panels-stretch panel-row-style panel-row-style-for-411-10\" data-stretch-type=\"full\">\n<div id=\"pgc-411-10-0\" class=\"panel-grid-cell\" data-weight=\"1\"><\/div>\n<\/div>\n<\/div>\n<div id=\"pg-411-11\" class=\"panel-grid panel-has-style\" data-style=\"{&quot;padding&quot;:&quot;5% 0% 5% 0%&quot;,&quot;background&quot;:&quot;#1c1c1e&quot;,&quot;lsow_dark_bg&quot;:&quot;&quot;,&quot;row_stretch&quot;:&quot;full&quot;,&quot;cell_alignment&quot;:&quot;flex-start&quot;}\">\n<div class=\"siteorigin-panels-stretch panel-row-style panel-row-style-for-411-11\" data-stretch-type=\"full\">\n<div id=\"pgc-411-11-1\" class=\"panel-grid-cell\" data-weight=\"0.5\">\n<div id=\"panel-411-11-1-1\" class=\"so-panel widget widget_sow-headline panel-last-child\" data-index=\"21\" data-style=\"{&quot;background_display&quot;:&quot;tile&quot;}\"><\/div>\n<\/div>\n<\/div>\n<\/div>\n","protected":false},"excerpt":{"rendered":"<p class=\"product_title entry-title\">LIGHT IC plo\u0161\u010da najnapredniji je IC plo\u0161\u010da na tr\u017ei\u0161tu, jer je izra\u0111en od aluminija i me\u0111u najlak\u0161ima je na tr\u017ei\u0161tu, \u0161to je pametna odluka za kupnju ovog modela sa sigurnosnog stajali\u0161ta. LAKI IC paneli izra\u0111eni su od bijele aluminijske povr\u0161ine i okvira presvu\u010denog prahom i testirani su prema njema\u010dkim standardima CE, TUV, ROHS. Grija\u010d je izra\u0111en od napredne tehnologije kristalnog ugljika i pru\u017ea trenutni u\u010dinak zagrijavanja. Pogodan je za monta\u017eu na strop. Instalacija mo\u017ee biti vodoravna ili okomita. Za\u0161tita IP 54 osigurava da se mo\u017ee koristiti i u vla\u017enim kupaonicama. IC plo\u010da zadr\u017eava toplinu zagrijavanjem prostorije neko vrijeme nakon isklju\u010divanja.<\/p>\n<p><img decoding=\"async\" loading=\"lazy\" class=\"wp-image-5057 alignleft\" src=\"https:\/\/www.zdravoogrevanje.si\/wp-content\/uploads\/2020\/04\/icons8-facebook-like-5.png\" alt=\"\" width=\"20\" height=\"20\" \/>5 godina garancije<\/p>\n<p>I<img decoding=\"async\" loading=\"lazy\" class=\"wp-image-5057 alignleft\" src=\"https:\/\/www.zdravoogrevanje.si\/wp-content\/uploads\/2020\/04\/icons8-facebook-like-5.png\" alt=\"\" width=\"20\" height=\"20\" \/>Izuzetno lagane plo\u010de<\/p>\n<p><img decoding=\"async\" loading=\"lazy\" class=\"wp-image-5057 alignleft\" src=\"https:\/\/www.zdravoogrevanje.si\/wp-content\/uploads\/2020\/04\/icons8-facebook-like-5.png\" alt=\"\" width=\"20\" height=\"20\" \/>Najnapredniji grija\u0107i element<\/p>\n<p><img decoding=\"async\" loading=\"lazy\" class=\"wp-image-5057 alignleft\" src=\"https:\/\/www.zdravoogrevanje.si\/wp-content\/uploads\/2020\/04\/icons8-facebook-like-5.png\" alt=\"\" width=\"20\" height=\"20\" \/>Opremljen CE, TUV, ROHS, GS certifikatima<\/p>\n<p><img decoding=\"async\" loading=\"lazy\" class=\"wp-image-5057 alignleft\" src=\"https:\/\/www.zdravoogrevanje.si\/wp-content\/uploads\/2020\/04\/icons8-facebook-like-5.png\" alt=\"\" width=\"20\" height=\"20\" \/>Pru\u017ea trenutni u\u010dinak zagrijavanja<\/p>\n<p><img decoding=\"async\" loading=\"lazy\" class=\"wp-image-5057 alignleft\" src=\"https:\/\/www.zdravoogrevanje.si\/wp-content\/uploads\/2020\/04\/icons8-facebook-like-5.png\" alt=\"\" width=\"20\" height=\"20\" \/>\u017divotni vijek 30 i vi\u0161e godina<\/p>\n<p><img decoding=\"async\" loading=\"lazy\" class=\"wp-image-5057 alignleft\" src=\"https:\/\/www.zdravoogrevanje.si\/wp-content\/uploads\/2020\/04\/icons8-facebook-like-5.png\" alt=\"\" width=\"20\" height=\"20\" \/>Koristite za sve vrste soba<\/p>\n<p><img decoding=\"async\" loading=\"lazy\" class=\"size-full wp-image-2917 alignleft\" src=\"https:\/\/www.zdravoogrevanje.si\/wp-content\/uploads\/2016\/10\/20180204161128384620.jpg\" alt=\"\" width=\"265\" height=\"49\" \/><\/p>\n<h3><\/h3>\n","protected":false},"featured_media":7783,"comment_status":"open","ping_status":"closed","template":"","meta":[],"product_cat":[100,122],"product_tag":[123],"yoast_head":"<!-- This site is optimized with the Yoast SEO plugin v20.2 - https:\/\/yoast.com\/wordpress\/plugins\/seo\/ -->\n<title>IR GRELNI PANELI IC-CLASSIC - NAJBOLJ PRODAJAN MODEL<\/title>\n<meta name=\"description\" content=\"Najbolj prodajani modeil pri nas IR paneli IC-CLASSIC so v ALU izvedbi in med najla\u017ejimi na trgu, kar je pomembno pri monta\u017ei na strop.\" \/>\n<meta name=\"robots\" content=\"index, follow, max-snippet:-1, max-image-preview:large, max-video-preview:-1\" \/>\n<link rel=\"canonical\" href=\"https:\/\/www.zdravoogrevanje.si\/hr\/izdelek\/light-ir-plosca-550-w\/\" \/>\n<meta property=\"og:locale\" content=\"hr_HR\" \/>\n<meta property=\"og:type\" content=\"article\" \/>\n<meta property=\"og:title\" content=\"IR GRELNI PANELI IC-CLASSIC - NAJBOLJ PRODAJAN MODEL\" \/>\n<meta property=\"og:description\" content=\"Najbolj prodajani modeil pri nas IR paneli IC-CLASSIC so v ALU izvedbi in med najla\u017ejimi na trgu, kar je pomembno pri monta\u017ei na strop.\" \/>\n<meta property=\"og:url\" content=\"https:\/\/www.zdravoogrevanje.si\/hr\/izdelek\/light-ir-plosca-550-w\/\" \/>\n<meta property=\"og:site_name\" content=\"Zdravo ogrevanje | Gatom ogrevalni sistemi\" \/>\n<meta property=\"article:publisher\" content=\"https:\/\/www.facebook.com\/Zdravo-ogrevanje-828717990551148\/\" \/>\n<meta property=\"article:modified_time\" content=\"2022-05-16T15:05:28+00:00\" \/>\n<meta property=\"og:image\" content=\"https:\/\/www.zdravoogrevanje.si\/wp-content\/uploads\/2020\/11\/IR-PANEL-LIGHT-2.jpg\" \/>\n\t<meta property=\"og:image:width\" content=\"1327\" \/>\n\t<meta property=\"og:image:height\" content=\"885\" \/>\n\t<meta property=\"og:image:type\" content=\"image\/jpeg\" \/>\n<meta name=\"twitter:card\" content=\"summary_large_image\" \/>\n<meta name=\"twitter:label1\" content=\"Procijenjeno vrijeme \u010ditanja\" \/>\n\t<meta name=\"twitter:data1\" content=\"2 minute\" \/>\n<script type=\"application\/ld+json\" class=\"yoast-schema-graph\">{\"@context\":\"https:\/\/schema.org\",\"@graph\":[{\"@type\":\"WebPage\",\"@id\":\"https:\/\/www.zdravoogrevanje.si\/hr\/izdelek\/light-ir-plosca-550-w\/\",\"url\":\"https:\/\/www.zdravoogrevanje.si\/hr\/izdelek\/light-ir-plosca-550-w\/\",\"name\":\"IR GRELNI PANELI IC-CLASSIC - NAJBOLJ PRODAJAN MODEL\",\"isPartOf\":{\"@id\":\"https:\/\/www.zdravoogrevanje.si\/#website\"},\"datePublished\":\"2021-02-28T12:28:49+00:00\",\"dateModified\":\"2022-05-16T15:05:28+00:00\",\"description\":\"Najbolj prodajani modeil pri nas IR paneli IC-CLASSIC so v ALU izvedbi in med najla\u017ejimi na trgu, kar je pomembno pri monta\u017ei na strop.\",\"breadcrumb\":{\"@id\":\"https:\/\/www.zdravoogrevanje.si\/hr\/izdelek\/light-ir-plosca-550-w\/#breadcrumb\"},\"inLanguage\":\"hr\",\"potentialAction\":[{\"@type\":\"ReadAction\",\"target\":[\"https:\/\/www.zdravoogrevanje.si\/hr\/izdelek\/light-ir-plosca-550-w\/\"]}]},{\"@type\":\"BreadcrumbList\",\"@id\":\"https:\/\/www.zdravoogrevanje.si\/hr\/izdelek\/light-ir-plosca-550-w\/#breadcrumb\",\"itemListElement\":[{\"@type\":\"ListItem\",\"position\":1,\"name\":\"Home\",\"item\":\"https:\/\/www.zdravoogrevanje.si\/hr\/\"},{\"@type\":\"ListItem\",\"position\":2,\"name\":\"Trgovina\",\"item\":\"https:\/\/www.zdravoogrevanje.si\/trgovina\/\"},{\"@type\":\"ListItem\",\"position\":3,\"name\":\"LIGHT IC PLO\u0160\u010cA 550 W\"}]},{\"@type\":\"WebSite\",\"@id\":\"https:\/\/www.zdravoogrevanje.si\/#website\",\"url\":\"https:\/\/www.zdravoogrevanje.si\/\",\"name\":\"Zdravo ogrevanje | Gatom ogrevalni sistemi\",\"description\":\"Privar\u010dujte pri ogrevanju.\",\"publisher\":{\"@id\":\"https:\/\/www.zdravoogrevanje.si\/#organization\"},\"potentialAction\":[{\"@type\":\"SearchAction\",\"target\":{\"@type\":\"EntryPoint\",\"urlTemplate\":\"https:\/\/www.zdravoogrevanje.si\/?s={search_term_string}\"},\"query-input\":\"required name=search_term_string\"}],\"inLanguage\":\"hr\"},{\"@type\":\"Organization\",\"@id\":\"https:\/\/www.zdravoogrevanje.si\/#organization\",\"name\":\"Gatom ogrevalni sistemi\",\"url\":\"https:\/\/www.zdravoogrevanje.si\/\",\"logo\":{\"@type\":\"ImageObject\",\"inLanguage\":\"hr\",\"@id\":\"https:\/\/www.zdravoogrevanje.si\/#\/schema\/logo\/image\/\",\"url\":\"https:\/\/www.zdravoogrevanje.si\/wp-content\/uploads\/2017\/10\/logo1.png\",\"contentUrl\":\"https:\/\/www.zdravoogrevanje.si\/wp-content\/uploads\/2017\/10\/logo1.png\",\"width\":342,\"height\":100,\"caption\":\"Gatom ogrevalni sistemi\"},\"image\":{\"@id\":\"https:\/\/www.zdravoogrevanje.si\/#\/schema\/logo\/image\/\"},\"sameAs\":[\"https:\/\/www.facebook.com\/Zdravo-ogrevanje-828717990551148\/\"]}]}<\/script>\n<!-- \/ Yoast SEO plugin. -->","yoast_head_json":{"title":"IR GRELNI PANELI IC-CLASSIC - NAJBOLJ PRODAJAN MODEL","description":"Najbolj prodajani modeil pri nas IR paneli IC-CLASSIC so v ALU izvedbi in med najla\u017ejimi na trgu, kar je pomembno pri monta\u017ei na strop.","robots":{"index":"index","follow":"follow","max-snippet":"max-snippet:-1","max-image-preview":"max-image-preview:large","max-video-preview":"max-video-preview:-1"},"canonical":"https:\/\/www.zdravoogrevanje.si\/hr\/izdelek\/light-ir-plosca-550-w\/","og_locale":"hr_HR","og_type":"article","og_title":"IR GRELNI PANELI IC-CLASSIC - NAJBOLJ PRODAJAN MODEL","og_description":"Najbolj prodajani modeil pri nas IR paneli IC-CLASSIC so v ALU izvedbi in med najla\u017ejimi na trgu, kar je pomembno pri monta\u017ei na strop.","og_url":"https:\/\/www.zdravoogrevanje.si\/hr\/izdelek\/light-ir-plosca-550-w\/","og_site_name":"Zdravo ogrevanje | Gatom ogrevalni sistemi","article_publisher":"https:\/\/www.facebook.com\/Zdravo-ogrevanje-828717990551148\/","article_modified_time":"2022-05-16T15:05:28+00:00","og_image":[{"width":1327,"height":885,"url":"https:\/\/www.zdravoogrevanje.si\/wp-content\/uploads\/2020\/11\/IR-PANEL-LIGHT-2.jpg","type":"image\/jpeg"}],"twitter_card":"summary_large_image","twitter_misc":{"Procijenjeno vrijeme \u010ditanja":"2 minute"},"schema":{"@context":"https:\/\/schema.org","@graph":[{"@type":"WebPage","@id":"https:\/\/www.zdravoogrevanje.si\/hr\/izdelek\/light-ir-plosca-550-w\/","url":"https:\/\/www.zdravoogrevanje.si\/hr\/izdelek\/light-ir-plosca-550-w\/","name":"IR GRELNI PANELI IC-CLASSIC - NAJBOLJ PRODAJAN MODEL","isPartOf":{"@id":"https:\/\/www.zdravoogrevanje.si\/#website"},"datePublished":"2021-02-28T12:28:49+00:00","dateModified":"2022-05-16T15:05:28+00:00","description":"Najbolj prodajani modeil pri nas IR paneli IC-CLASSIC so v ALU izvedbi in med najla\u017ejimi na trgu, kar je pomembno pri monta\u017ei na strop.","breadcrumb":{"@id":"https:\/\/www.zdravoogrevanje.si\/hr\/izdelek\/light-ir-plosca-550-w\/#breadcrumb"},"inLanguage":"hr","potentialAction":[{"@type":"ReadAction","target":["https:\/\/www.zdravoogrevanje.si\/hr\/izdelek\/light-ir-plosca-550-w\/"]}]},{"@type":"BreadcrumbList","@id":"https:\/\/www.zdravoogrevanje.si\/hr\/izdelek\/light-ir-plosca-550-w\/#breadcrumb","itemListElement":[{"@type":"ListItem","position":1,"name":"Home","item":"https:\/\/www.zdravoogrevanje.si\/hr\/"},{"@type":"ListItem","position":2,"name":"Trgovina","item":"https:\/\/www.zdravoogrevanje.si\/trgovina\/"},{"@type":"ListItem","position":3,"name":"LIGHT IC PLO\u0160\u010cA 550 W"}]},{"@type":"WebSite","@id":"https:\/\/www.zdravoogrevanje.si\/#website","url":"https:\/\/www.zdravoogrevanje.si\/","name":"Zdravo ogrevanje | Gatom ogrevalni sistemi","description":"Privar\u010dujte pri ogrevanju.","publisher":{"@id":"https:\/\/www.zdravoogrevanje.si\/#organization"},"potentialAction":[{"@type":"SearchAction","target":{"@type":"EntryPoint","urlTemplate":"https:\/\/www.zdravoogrevanje.si\/?s={search_term_string}"},"query-input":"required name=search_term_string"}],"inLanguage":"hr"},{"@type":"Organization","@id":"https:\/\/www.zdravoogrevanje.si\/#organization","name":"Gatom ogrevalni sistemi","url":"https:\/\/www.zdravoogrevanje.si\/","logo":{"@type":"ImageObject","inLanguage":"hr","@id":"https:\/\/www.zdravoogrevanje.si\/#\/schema\/logo\/image\/","url":"https:\/\/www.zdravoogrevanje.si\/wp-content\/uploads\/2017\/10\/logo1.png","contentUrl":"https:\/\/www.zdravoogrevanje.si\/wp-content\/uploads\/2017\/10\/logo1.png","width":342,"height":100,"caption":"Gatom ogrevalni sistemi"},"image":{"@id":"https:\/\/www.zdravoogrevanje.si\/#\/schema\/logo\/image\/"},"sameAs":["https:\/\/www.facebook.com\/Zdravo-ogrevanje-828717990551148\/"]}]}},"_links":{"self":[{"href":"https:\/\/www.zdravoogrevanje.si\/hr\/wp-json\/wp\/v2\/product\/7945"}],"collection":[{"href":"https:\/\/www.zdravoogrevanje.si\/hr\/wp-json\/wp\/v2\/product"}],"about":[{"href":"https:\/\/www.zdravoogrevanje.si\/hr\/wp-json\/wp\/v2\/types\/product"}],"replies":[{"embeddable":true,"href":"https:\/\/www.zdravoogrevanje.si\/hr\/wp-json\/wp\/v2\/comments?post=7945"}],"version-history":[{"count":2,"href":"https:\/\/www.zdravoogrevanje.si\/hr\/wp-json\/wp\/v2\/product\/7945\/revisions"}],"predecessor-version":[{"id":8103,"href":"https:\/\/www.zdravoogrevanje.si\/hr\/wp-json\/wp\/v2\/product\/7945\/revisions\/8103"}],"wp:featuredmedia":[{"embeddable":true,"href":"https:\/\/www.zdravoogrevanje.si\/hr\/wp-json\/wp\/v2\/media\/7783"}],"wp:attachment":[{"href":"https:\/\/www.zdravoogrevanje.si\/hr\/wp-json\/wp\/v2\/media?parent=7945"}],"wp:term":[{"taxonomy":"product_cat","embeddable":true,"href":"https:\/\/www.zdravoogrevanje.si\/hr\/wp-json\/wp\/v2\/product_cat?post=7945"},{"taxonomy":"product_tag","embeddable":true,"href":"https:\/\/www.zdravoogrevanje.si\/hr\/wp-json\/wp\/v2\/product_tag?post=7945"}],"curies":[{"name":"wp","href":"https:\/\/api.w.org\/{rel}","templated":true}]}}